{"id":3251,"date":"2021-01-21T14:27:44","date_gmt":"2021-01-21T14:27:44","guid":{"rendered":"https:\/\/www.provectra.de\/?page_id=3251"},"modified":"2022-05-31T13:46:41","modified_gmt":"2022-05-31T13:46:41","slug":"bewerbungsformular-2","status":"publish","type":"page","link":"https:\/\/www.provectra.de\/de\/bewerbungsformular-2\/","title":{"rendered":"Bewerbungsformular"},"content":{"rendered":"\t\t<div data-elementor-type=\"wp-page\" data-elementor-id=\"3251\" class=\"elementor elementor-3251\">\n\t\t\t\t\t\t<section class=\"elementor-section elementor-top-section elementor-element elementor-element-c972a4d elementor-section-boxed elementor-section-height-default elementor-section-height-default\" data-id=\"c972a4d\" data-element_type=\"section\">\n\t\t\t\t\t\t<div class=\"elementor-container elementor-column-gap-default\">\n\t\t\t\t\t<div class=\"elementor-column elementor-col-100 elementor-top-column elementor-element elementor-element-73be1d8\" data-id=\"73be1d8\" data-element_type=\"column\">\n\t\t\t<div class=\"elementor-widget-wrap elementor-element-populated\">\n\t\t\t\t\t\t<div class=\"elementor-element elementor-element-1b035b3 elementor-widget elementor-widget-spacer\" data-id=\"1b035b3\" data-element_type=\"widget\" data-widget_type=\"spacer.default\">\n\t\t\t\t<div class=\"elementor-widget-container\">\n\t\t\t\t\t\t\t<div class=\"elementor-spacer\">\n\t\t\t<div class=\"elementor-spacer-inner\"><\/div>\n\t\t<\/div>\n\t\t\t\t\t\t<\/div>\n\t\t\t\t<\/div>\n\t\t\t\t<div class=\"elementor-element elementor-element-17e6af5 elementor-widget elementor-widget-heading\" data-id=\"17e6af5\" data-element_type=\"widget\" data-widget_type=\"heading.default\">\n\t\t\t\t<div class=\"elementor-widget-container\">\n\t\t\t\t\t<h2 class=\"elementor-heading-title elementor-size-default\">Ihre Bewerbung <\/h2>\t\t\t\t<\/div>\n\t\t\t\t<\/div>\n\t\t\t\t\t<\/div>\n\t\t<\/div>\n\t\t\t\t\t<\/div>\n\t\t<\/section>\n\t\t\t\t<section class=\"elementor-section elementor-top-section elementor-element elementor-element-a14f6da elementor-section-boxed elementor-section-height-default elementor-section-height-default\" data-id=\"a14f6da\" data-element_type=\"section\">\n\t\t\t\t\t\t<div class=\"elementor-container elementor-column-gap-default\">\n\t\t\t\t\t<div class=\"elementor-column elementor-col-100 elementor-top-column elementor-element elementor-element-f8120db\" data-id=\"f8120db\" data-element_type=\"column\">\n\t\t\t<div class=\"elementor-widget-wrap elementor-element-populated\">\n\t\t\t\t\t\t<div class=\"elementor-element elementor-element-bbce9fc elementor-widget-divider--view-line elementor-widget elementor-widget-divider\" data-id=\"bbce9fc\" data-element_type=\"widget\" data-widget_type=\"divider.default\">\n\t\t\t\t<div class=\"elementor-widget-container\">\n\t\t\t\t\t\t\t<div class=\"elementor-divider\">\n\t\t\t<span class=\"elementor-divider-separator\">\n\t\t\t\t\t\t<\/span>\n\t\t<\/div>\n\t\t\t\t\t\t<\/div>\n\t\t\t\t<\/div>\n\t\t\t\t\t<\/div>\n\t\t<\/div>\n\t\t\t\t\t<\/div>\n\t\t<\/section>\n\t\t\t\t<section class=\"elementor-section elementor-top-section elementor-element elementor-element-8d7945d elementor-section-boxed elementor-section-height-default elementor-section-height-default\" data-id=\"8d7945d\" data-element_type=\"section\">\n\t\t\t\t\t\t<div class=\"elementor-container elementor-column-gap-default\">\n\t\t\t\t\t<div class=\"elementor-column elementor-col-100 elementor-top-column elementor-element elementor-element-8cd3382\" data-id=\"8cd3382\" data-element_type=\"column\">\n\t\t\t<div class=\"elementor-widget-wrap elementor-element-populated\">\n\t\t\t\t\t\t<div class=\"elementor-element elementor-element-6dd102d elementor-widget elementor-widget-text-editor\" data-id=\"6dd102d\" data-element_type=\"widget\" data-widget_type=\"text-editor.default\">\n\t\t\t\t<div class=\"elementor-widget-container\">\n\t\t\t\t\t\t\t\t\t<p><b>So geht&#8217;s:<\/b><\/p><ol><li>Geben Sie Ihren Vor- und Nachnamen an<\/li><li>Geben Sie Ihre Mailadresse und Ihre Telefonnummer an, damit wir Kontakt aufnehmen k\u00f6nnen.<\/li><li>Laden Sie im Anschluss Ihren Lebenslauf, Ihr Anschreiben und Ihre Zeugnisse hoch. Die Dateien k\u00f6nnen Sie gesammelt mit STRG + Klick auf die Dateien im Dateiexplorer Ihres PCs ausw\u00e4hlen. Andernfalls wird nur eine Datei hochgeladen.<\/li><li>Bewerbung abschicken \u2013 fertig!<\/li><\/ol><div>\u00a0<\/div><p><b>Oder rufen Sie uns an unter:<\/b><\/p><p><b>Harald Kaiser:\u00a0 09178 99809-10<\/b><\/p><p>\u00a0<\/p>\t\t\t\t\t\t\t\t<\/div>\n\t\t\t\t<\/div>\n\t\t\t\t\t<\/div>\n\t\t<\/div>\n\t\t\t\t\t<\/div>\n\t\t<\/section>\n\t\t\t\t<section class=\"elementor-section elementor-top-section elementor-element elementor-element-d9a58b8 elementor-section-boxed elementor-section-height-default elementor-section-height-default\" data-id=\"d9a58b8\" data-element_type=\"section\">\n\t\t\t\t\t\t<div class=\"elementor-container elementor-column-gap-default\">\n\t\t\t\t\t<div class=\"elementor-column elementor-col-100 elementor-top-column elementor-element elementor-element-f8c3ce9\" data-id=\"f8c3ce9\" data-element_type=\"column\">\n\t\t\t<div class=\"elementor-widget-wrap elementor-element-populated\">\n\t\t\t\t\t\t<div class=\"elementor-element elementor-element-372c925 elementor-widget-divider--view-line elementor-widget elementor-widget-divider\" data-id=\"372c925\" data-element_type=\"widget\" data-widget_type=\"divider.default\">\n\t\t\t\t<div class=\"elementor-widget-container\">\n\t\t\t\t\t\t\t<div class=\"elementor-divider\">\n\t\t\t<span class=\"elementor-divider-separator\">\n\t\t\t\t\t\t<\/span>\n\t\t<\/div>\n\t\t\t\t\t\t<\/div>\n\t\t\t\t<\/div>\n\t\t\t\t\t<\/div>\n\t\t<\/div>\n\t\t\t\t\t<\/div>\n\t\t<\/section>\n\t\t\t\t<section class=\"elementor-section elementor-top-section elementor-element elementor-element-0df03d8 elementor-section-boxed elementor-section-height-default elementor-section-height-default\" data-id=\"0df03d8\" data-element_type=\"section\">\n\t\t\t\t\t\t<div class=\"elementor-container elementor-column-gap-default\">\n\t\t\t\t\t<div class=\"elementor-column elementor-col-100 elementor-top-column elementor-element elementor-element-2adc6e4\" data-id=\"2adc6e4\" data-element_type=\"column\">\n\t\t\t<div class=\"elementor-widget-wrap elementor-element-populated\">\n\t\t\t\t\t\t<div class=\"elementor-element elementor-element-475636c elementor-widget elementor-widget-text-editor\" data-id=\"475636c\" data-element_type=\"widget\" data-widget_type=\"text-editor.default\">\n\t\t\t\t<div class=\"elementor-widget-container\">\n\t\t\t\t\t\t\t\t\t<form enctype=\"multipart\/form-data\" method=\"post\" id=\"psfb3188\" action=\"https:\/\/www.provectra.de\/de\/bewerbungsformular-2\/\" class=\"planso-form-builder\" data-id=\"3188\" data-cnt=\"1\" id=\"planso_forms_3188_1\" data-locale=\"de\" data-locale_long=\"de_DE\" data-datepicker=\"bootstrap-datetimepicker\" data-date_format=\"j. F Y\" data-moment_date_format=\"D. MMMM YYYY\" data-jqueryui_date_format=\"d. MM yy\" data-eternicode_date_format=\"d. MM yyyy\"><style type=\"text\/css\">#psfb3188 .has-error,#psfb3188 .has-error label.control-label{color:#DD0000;}#psfb3188 .has-error input,#psfb3188 .has-error textarea,#psfb3188 .has-error select{color:#DD0000;border-color:#DD0000;}<\/style><div class=\"container-fluid\"><input type=\"hidden\" name=\"psfb_pageurl\" value=\"https:\/\/www.provectra.de\/de\/bewerbungsformular-2\/\"\/><input type=\"hidden\" name=\"psfb_userip\" value=\"216.73.217.33\"\/><input type=\"hidden\" name=\"psfb_useragent\" value=\"Mozilla\/5.0 AppleWebKit\/537.36 (KHTML, like Gecko; compatible; ClaudeBot\/1.0; +claudebot@anthropic.com)\"\/><input type=\"hidden\" name=\"psfb_landingpage\" value=\"http:\/\/www.provectra.de\/de\/wp-json\/wp\/v2\/pages\/3251\"\/><input type=\"hidden\" name=\"psfb_referer\" value=\"Direct\"\/><input type=\"hidden\" name=\"psfb_page_id\" value=\"3251\"\/><input type=\"hidden\" name=\"psfb_form_submit\" value=\"1\"\/><input type=\"hidden\" name=\"psfb_form_id\" value=\"3188\"\/><input type=\"hidden\" name=\"psfb_form_cnt\" value=\"1\"\/><div style=\"display:none\"><input type=\"text\" name=\"psfb_hon_as\"\/><\/div><div style=\"display:none\"><input type=\"text\" name=\"psfb_hon_as2\" id=\"psfb_hon_as2_3188_1\" value=\"3459e0cd4ce1c962e705ac094a73c03b\"\/><\/div><div style=\"display:none\"><input type=\"text\" name=\"psfb_cnt_check\" value=\"1\"\/><\/div><div class=\"row\"><div class=\"col-md-12\"><div class=\"form-group psfb-single-container\"><label class=\"control-label\" for=\"psfield_3188_1\">Vorname<\/label><input type=\"text\" name=\"Vorname\" class=\"form-control \" id=\"psfield_3188_1\" style=\"\"\/><\/div><\/div><\/div><div class=\"row\"><div class=\"col-md-12\"><div class=\"form-group psfb-single-container\"><label class=\"control-label\" for=\"psfield_3188_2\">Nachname<\/label><input type=\"text\" name=\"Nachname\" class=\"form-control \" id=\"psfield_3188_2\" style=\"\"\/><\/div><\/div><\/div><div class=\"row\"><div class=\"col-md-12\"><div class=\"form-group psfb-single-container\"><label class=\"control-label\" for=\"psfield_3188_3\">E-Mail<\/label><input type=\"email\" name=\"E_Mail\" class=\"form-control \" id=\"psfield_3188_3\" style=\"\"\/><\/div><\/div><\/div><div class=\"row\"><div class=\"col-md-12\"><div class=\"form-group psfb-single-container\"><label class=\"control-label\" for=\"psfield_3188_4\">Telefon<\/label><input type=\"tel\" name=\"Telefon\" class=\"form-control \" id=\"psfield_3188_4\" style=\"\"\/><\/div><\/div><\/div><div class=\"row\"><div class=\"col-md-12\"><div class=\"form-group psfb-single-container\"><label class=\"control-label\" for=\"psfield_3188_5\">Lebenslauf | Anschreiben | Zeugnisse<\/label><div class=\"input-group\"><div class=\"input-group-addon\"><span class=\"fa fa-arrow-up\"><\/span><\/div><input type=\"file\" multiple=\"multiple\" name=\"Lebenslauf___Anschreiben___Zeugnisse[]\" class=\"form-control  \" id=\"psfield_3188_5\" style=\"\"\/><\/div><p class=\"help-block\">Wir m\u00f6chten dich besser kennenlernen &#8211; hier ist Platz f\u00fcr dein Anschreiben, deinen Lebenslauf und deine Zeugnisse. <\/p><\/div><\/div><\/div><div class=\"row\"><div class=\"col-md-12\"><div class=\"form-group psfb-single-container\"><div style=\"position:relative;z-index:1;\"><button type=\"submit\" class=\"btn btn-primary       \" id=\"psfield_3188_6\" style=\"\">Senden<\/button><\/div><\/div><\/div><\/div><\/div><\/form>\t\t\t\t\t\t\t\t<\/div>\n\t\t\t\t<\/div>\n\t\t\t\t\t<\/div>\n\t\t<\/div>\n\t\t\t\t\t<\/div>\n\t\t<\/section>\n\t\t\t\t<\/div>\n\t\t","protected":false},"excerpt":{"rendered":"<p>Ihre Bewerbung So geht&#8217;s: Geben Sie Ihren Vor- und Nachnamen an Geben Sie Ihre Mailadresse und Ihre Telefonnummer an, damit wir Kontakt aufnehmen k\u00f6nnen. Laden Sie im Anschluss Ihren Lebenslauf, Ihr Anschreiben und Ihre Zeugnisse hoch. Die Dateien k\u00f6nnen Sie gesammelt mit STRG + Klick auf die Dateien im Dateiexplorer Ihres PCs ausw\u00e4hlen. Andernfalls wird [&hellip;]<\/p>\n","protected":false},"author":2,"featured_media":0,"parent":0,"menu_order":0,"comment_status":"closed","ping_status":"closed","template":"","meta":{"ocean_post_layout":"","ocean_both_sidebars_style":"","ocean_both_sidebars_content_width":0,"ocean_both_sidebars_sidebars_width":0,"ocean_sidebar":"","ocean_second_sidebar":"","ocean_disable_margins":"enable","ocean_add_body_class":"","ocean_shortcode_before_top_bar":"","ocean_shortcode_after_top_bar":"","ocean_shortcode_before_header":"","ocean_shortcode_after_header":"","ocean_has_shortcode":"","ocean_shortcode_after_title":"","ocean_shortcode_before_footer_widgets":"","ocean_shortcode_after_footer_widgets":"","ocean_shortcode_before_footer_bottom":"","ocean_shortcode_after_footer_bottom":"","ocean_display_top_bar":"default","ocean_display_header":"default","ocean_header_style":"","ocean_center_header_left_menu":"","ocean_custom_header_template":"","ocean_custom_logo":0,"ocean_custom_retina_logo":0,"ocean_custom_logo_max_width":0,"ocean_custom_logo_tablet_max_width":0,"ocean_custom_logo_mobile_max_width":0,"ocean_custom_logo_max_height":0,"ocean_custom_logo_tablet_max_height":0,"ocean_custom_logo_mobile_max_height":0,"ocean_header_custom_menu":"","ocean_menu_typo_font_family":"","ocean_menu_typo_font_subset":"","ocean_menu_typo_font_size":0,"ocean_menu_typo_font_size_tablet":0,"ocean_menu_typo_font_size_mobile":0,"ocean_menu_typo_font_size_unit":"px","ocean_menu_typo_font_weight":"","ocean_menu_typo_font_weight_tablet":"","ocean_menu_typo_font_weight_mobile":"","ocean_menu_typo_transform":"","ocean_menu_typo_transform_tablet":"","ocean_menu_typo_transform_mobile":"","ocean_menu_typo_line_height":0,"ocean_menu_typo_line_height_tablet":0,"ocean_menu_typo_line_height_mobile":0,"ocean_menu_typo_line_height_unit":"","ocean_menu_typo_spacing":0,"ocean_menu_typo_spacing_tablet":0,"ocean_menu_typo_spacing_mobile":0,"ocean_menu_typo_spacing_unit":"","ocean_menu_link_color":"","ocean_menu_link_color_hover":"","ocean_menu_link_color_active":"","ocean_menu_link_background":"","ocean_menu_link_hover_background":"","ocean_menu_link_active_background":"","ocean_menu_social_links_bg":"","ocean_menu_social_hover_links_bg":"","ocean_menu_social_links_color":"","ocean_menu_social_hover_links_color":"","ocean_disable_title":"default","ocean_disable_heading":"default","ocean_post_title":"","ocean_post_subheading":"","ocean_post_title_style":"","ocean_post_title_background_color":"","ocean_post_title_background":0,"ocean_post_title_bg_image_position":"","ocean_post_title_bg_image_attachment":"","ocean_post_title_bg_image_repeat":"","ocean_post_title_bg_image_size":"","ocean_post_title_height":0,"ocean_post_title_bg_overlay":0.5,"ocean_post_title_bg_overlay_color":"","ocean_disable_breadcrumbs":"default","ocean_breadcrumbs_color":"","ocean_breadcrumbs_separator_color":"","ocean_breadcrumbs_links_color":"","ocean_breadcrumbs_links_hover_color":"","ocean_display_footer_widgets":"default","ocean_display_footer_bottom":"default","ocean_custom_footer_template":"","footnotes":""},"yoast_head":"<!-- This site is optimized with the Yoast SEO plugin v22.8 - https:\/\/yoast.com\/wordpress\/plugins\/seo\/ -->\n<title>Bewerbungsformular &#183; provectra - Jetzt bewerben und durchstarten<\/title>\n<meta name=\"description\" content=\"Bewerben Sie sich jetzt bei Provectra und gestalten Sie die Transportwelt von morgen. Das Bewerbungsformular ausf\u00fcllen, abschicken - fertig!\" \/>\n<meta name=\"robots\" content=\"index, follow, max-snippet:-1, max-image-preview:large, max-video-preview:-1\" \/>\n<link rel=\"canonical\" href=\"https:\/\/www.provectra.de\/de\/bewerbungsformular-2\/\" \/>\n<meta property=\"og:locale\" content=\"de_DE\" \/>\n<meta property=\"og:type\" content=\"article\" \/>\n<meta property=\"og:title\" content=\"Bewerbungsformular &#183; provectra - Jetzt bewerben und durchstarten\" \/>\n<meta property=\"og:description\" content=\"Bewerben Sie sich jetzt bei Provectra und gestalten Sie die Transportwelt von morgen. Das Bewerbungsformular ausf\u00fcllen, abschicken - fertig!\" \/>\n<meta property=\"og:url\" content=\"https:\/\/www.provectra.de\/de\/bewerbungsformular-2\/\" \/>\n<meta property=\"og:site_name\" content=\"provectra\" \/>\n<meta property=\"article:modified_time\" content=\"2022-05-31T13:46:41+00:00\" \/>\n<meta name=\"twitter:card\" content=\"summary_large_image\" \/>\n<meta name=\"twitter:label1\" content=\"Gesch\u00e4tzte Lesezeit\" \/>\n\t<meta name=\"twitter:data1\" content=\"1\u00a0Minute\" \/>\n<script type=\"application\/ld+json\" class=\"yoast-schema-graph\">{\"@context\":\"https:\/\/schema.org\",\"@graph\":[{\"@type\":\"WebPage\",\"@id\":\"https:\/\/www.provectra.de\/bewerbungsformular-2\/\",\"url\":\"https:\/\/www.provectra.de\/bewerbungsformular-2\/\",\"name\":\"Bewerbungsformular &#183; provectra - Jetzt bewerben und durchstarten\",\"isPartOf\":{\"@id\":\"https:\/\/www.provectra.de\/de\/#website\"},\"datePublished\":\"2021-01-21T14:27:44+00:00\",\"dateModified\":\"2022-05-31T13:46:41+00:00\",\"description\":\"Bewerben Sie sich jetzt bei Provectra und gestalten Sie die Transportwelt von morgen. Das Bewerbungsformular ausf\u00fcllen, abschicken - fertig!\",\"breadcrumb\":{\"@id\":\"https:\/\/www.provectra.de\/bewerbungsformular-2\/#breadcrumb\"},\"inLanguage\":\"de\",\"potentialAction\":[{\"@type\":\"ReadAction\",\"target\":[\"https:\/\/www.provectra.de\/bewerbungsformular-2\/\"]}]},{\"@type\":\"BreadcrumbList\",\"@id\":\"https:\/\/www.provectra.de\/bewerbungsformular-2\/#breadcrumb\",\"itemListElement\":[{\"@type\":\"ListItem\",\"position\":1,\"name\":\"Startseite\",\"item\":\"https:\/\/www.provectra.de\/\"},{\"@type\":\"ListItem\",\"position\":2,\"name\":\"Bewerbungsformular\"}]},{\"@type\":\"WebSite\",\"@id\":\"https:\/\/www.provectra.de\/de\/#website\",\"url\":\"https:\/\/www.provectra.de\/de\/\",\"name\":\"provectra\",\"description\":\"Consulting Spedition Logistik\",\"publisher\":{\"@id\":\"https:\/\/www.provectra.de\/de\/#organization\"},\"potentialAction\":[{\"@type\":\"SearchAction\",\"target\":{\"@type\":\"EntryPoint\",\"urlTemplate\":\"https:\/\/www.provectra.de\/de\/?s={search_term_string}\"},\"query-input\":\"required name=search_term_string\"}],\"inLanguage\":\"de\"},{\"@type\":\"Organization\",\"@id\":\"https:\/\/www.provectra.de\/de\/#organization\",\"name\":\"Provectra GmbH\",\"url\":\"https:\/\/www.provectra.de\/de\/\",\"logo\":{\"@type\":\"ImageObject\",\"inLanguage\":\"de\",\"@id\":\"https:\/\/www.provectra.de\/de\/#\/schema\/logo\/image\/\",\"url\":\"https:\/\/www.provectra.de\/wp-content\/uploads\/2020\/01\/provectra_favicon1.png\",\"contentUrl\":\"https:\/\/www.provectra.de\/wp-content\/uploads\/2020\/01\/provectra_favicon1.png\",\"width\":512,\"height\":512,\"caption\":\"Provectra GmbH\"},\"image\":{\"@id\":\"https:\/\/www.provectra.de\/de\/#\/schema\/logo\/image\/\"}}]}<\/script>\n<!-- \/ Yoast SEO plugin. -->","yoast_head_json":{"title":"Bewerbungsformular &#183; provectra - Jetzt bewerben und durchstarten","description":"Bewerben Sie sich jetzt bei Provectra und gestalten Sie die Transportwelt von morgen. Das Bewerbungsformular ausf\u00fcllen, abschicken - fertig!","robots":{"index":"index","follow":"follow","max-snippet":"max-snippet:-1","max-image-preview":"max-image-preview:large","max-video-preview":"max-video-preview:-1"},"canonical":"https:\/\/www.provectra.de\/de\/bewerbungsformular-2\/","og_locale":"de_DE","og_type":"article","og_title":"Bewerbungsformular &#183; provectra - Jetzt bewerben und durchstarten","og_description":"Bewerben Sie sich jetzt bei Provectra und gestalten Sie die Transportwelt von morgen. Das Bewerbungsformular ausf\u00fcllen, abschicken - fertig!","og_url":"https:\/\/www.provectra.de\/de\/bewerbungsformular-2\/","og_site_name":"provectra","article_modified_time":"2022-05-31T13:46:41+00:00","twitter_card":"summary_large_image","twitter_misc":{"Gesch\u00e4tzte Lesezeit":"1\u00a0Minute"},"schema":{"@context":"https:\/\/schema.org","@graph":[{"@type":"WebPage","@id":"https:\/\/www.provectra.de\/bewerbungsformular-2\/","url":"https:\/\/www.provectra.de\/bewerbungsformular-2\/","name":"Bewerbungsformular &#183; provectra - Jetzt bewerben und durchstarten","isPartOf":{"@id":"https:\/\/www.provectra.de\/de\/#website"},"datePublished":"2021-01-21T14:27:44+00:00","dateModified":"2022-05-31T13:46:41+00:00","description":"Bewerben Sie sich jetzt bei Provectra und gestalten Sie die Transportwelt von morgen. Das Bewerbungsformular ausf\u00fcllen, abschicken - fertig!","breadcrumb":{"@id":"https:\/\/www.provectra.de\/bewerbungsformular-2\/#breadcrumb"},"inLanguage":"de","potentialAction":[{"@type":"ReadAction","target":["https:\/\/www.provectra.de\/bewerbungsformular-2\/"]}]},{"@type":"BreadcrumbList","@id":"https:\/\/www.provectra.de\/bewerbungsformular-2\/#breadcrumb","itemListElement":[{"@type":"ListItem","position":1,"name":"Startseite","item":"https:\/\/www.provectra.de\/"},{"@type":"ListItem","position":2,"name":"Bewerbungsformular"}]},{"@type":"WebSite","@id":"https:\/\/www.provectra.de\/de\/#website","url":"https:\/\/www.provectra.de\/de\/","name":"provectra","description":"Consulting Spedition Logistik","publisher":{"@id":"https:\/\/www.provectra.de\/de\/#organization"},"potentialAction":[{"@type":"SearchAction","target":{"@type":"EntryPoint","urlTemplate":"https:\/\/www.provectra.de\/de\/?s={search_term_string}"},"query-input":"required name=search_term_string"}],"inLanguage":"de"},{"@type":"Organization","@id":"https:\/\/www.provectra.de\/de\/#organization","name":"Provectra GmbH","url":"https:\/\/www.provectra.de\/de\/","logo":{"@type":"ImageObject","inLanguage":"de","@id":"https:\/\/www.provectra.de\/de\/#\/schema\/logo\/image\/","url":"https:\/\/www.provectra.de\/wp-content\/uploads\/2020\/01\/provectra_favicon1.png","contentUrl":"https:\/\/www.provectra.de\/wp-content\/uploads\/2020\/01\/provectra_favicon1.png","width":512,"height":512,"caption":"Provectra GmbH"},"image":{"@id":"https:\/\/www.provectra.de\/de\/#\/schema\/logo\/image\/"}}]}},"jetpack_sharing_enabled":true,"_links":{"self":[{"href":"https:\/\/www.provectra.de\/de\/wp-json\/wp\/v2\/pages\/3251"}],"collection":[{"href":"https:\/\/www.provectra.de\/de\/wp-json\/wp\/v2\/pages"}],"about":[{"href":"https:\/\/www.provectra.de\/de\/wp-json\/wp\/v2\/types\/page"}],"author":[{"embeddable":true,"href":"https:\/\/www.provectra.de\/de\/wp-json\/wp\/v2\/users\/2"}],"replies":[{"embeddable":true,"href":"https:\/\/www.provectra.de\/de\/wp-json\/wp\/v2\/comments?post=3251"}],"version-history":[{"count":87,"href":"https:\/\/www.provectra.de\/de\/wp-json\/wp\/v2\/pages\/3251\/revisions"}],"predecessor-version":[{"id":7678,"href":"https:\/\/www.provectra.de\/de\/wp-json\/wp\/v2\/pages\/3251\/revisions\/7678"}],"wp:attachment":[{"href":"https:\/\/www.provectra.de\/de\/wp-json\/wp\/v2\/media?parent=3251"}],"curies":[{"name":"wp","href":"https:\/\/api.w.org\/{rel}","templated":true}]}}