{"id":4733,"date":"2021-09-28T07:22:51","date_gmt":"2021-09-28T07:22:51","guid":{"rendered":"https:\/\/www.provectra.de\/?page_id=4733"},"modified":"2021-11-30T09:18:08","modified_gmt":"2021-11-30T09:18:08","slug":"reibungslose-supply-chain-schoene-vorstellung-oder-wirklich-machbar","status":"publish","type":"page","link":"https:\/\/www.provectra.de\/de\/reibungslose-supply-chain-schoene-vorstellung-oder-wirklich-machbar\/","title":{"rendered":"Reibungslose Supply Chain &#8211; sch\u00f6ne Vorstellung oder wirklich machbar?"},"content":{"rendered":"\t\t<div data-elementor-type=\"wp-page\" data-elementor-id=\"4733\" class=\"elementor elementor-4733\">\n\t\t\t\t\t\t<section class=\"elementor-section elementor-top-section elementor-element elementor-element-01f065f elementor-section-boxed elementor-section-height-default elementor-section-height-default\" data-id=\"01f065f\" data-element_type=\"section\">\n\t\t\t\t\t\t<div class=\"elementor-container elementor-column-gap-default\">\n\t\t\t\t\t<div class=\"elementor-column elementor-col-100 elementor-top-column elementor-element elementor-element-a78445b\" data-id=\"a78445b\" data-element_type=\"column\">\n\t\t\t<div class=\"elementor-widget-wrap elementor-element-populated\">\n\t\t\t\t\t\t<div class=\"elementor-element elementor-element-2b6dfd1 elementor-widget elementor-widget-spacer\" data-id=\"2b6dfd1\" data-element_type=\"widget\" data-widget_type=\"spacer.default\">\n\t\t\t\t<div class=\"elementor-widget-container\">\n\t\t\t\t\t\t\t<div class=\"elementor-spacer\">\n\t\t\t<div class=\"elementor-spacer-inner\"><\/div>\n\t\t<\/div>\n\t\t\t\t\t\t<\/div>\n\t\t\t\t<\/div>\n\t\t\t\t\t<\/div>\n\t\t<\/div>\n\t\t\t\t\t<\/div>\n\t\t<\/section>\n\t\t\t\t<section class=\"elementor-section elementor-top-section elementor-element elementor-element-8b3c7d9 elementor-section-boxed elementor-section-height-default elementor-section-height-default\" data-id=\"8b3c7d9\" data-element_type=\"section\">\n\t\t\t\t\t\t<div class=\"elementor-container elementor-column-gap-default\">\n\t\t\t\t\t<div class=\"elementor-column elementor-col-100 elementor-top-column elementor-element elementor-element-e251cef\" data-id=\"e251cef\" data-element_type=\"column\">\n\t\t\t<div class=\"elementor-widget-wrap elementor-element-populated\">\n\t\t\t\t\t\t<div class=\"elementor-element elementor-element-818ecbd elementor-widget elementor-widget-heading\" data-id=\"818ecbd\" data-element_type=\"widget\" data-widget_type=\"heading.default\">\n\t\t\t\t<div class=\"elementor-widget-container\">\n\t\t\t\t\t<h1 class=\"elementor-heading-title elementor-size-default\">Reibungslose Supply Chain - sch\u00f6ne Vorstellung oder wirklich machbar?<\/h1>\t\t\t\t<\/div>\n\t\t\t\t<\/div>\n\t\t\t\t<div class=\"elementor-element elementor-element-e55e6b0 elementor-widget elementor-widget-text-editor\" data-id=\"e55e6b0\" data-element_type=\"widget\" data-widget_type=\"text-editor.default\">\n\t\t\t\t<div class=\"elementor-widget-container\">\n\t\t\t\t\t\t\t\t\t<p><strong>Lesezeit: ca. 2 Minuten<\/strong><\/p>\t\t\t\t\t\t\t\t<\/div>\n\t\t\t\t<\/div>\n\t\t\t\t<div class=\"elementor-element elementor-element-faaf4d9 elementor-widget-divider--view-line elementor-widget elementor-widget-divider\" data-id=\"faaf4d9\" data-element_type=\"widget\" data-widget_type=\"divider.default\">\n\t\t\t\t<div class=\"elementor-widget-container\">\n\t\t\t\t\t\t\t<div class=\"elementor-divider\">\n\t\t\t<span class=\"elementor-divider-separator\">\n\t\t\t\t\t\t<\/span>\n\t\t<\/div>\n\t\t\t\t\t\t<\/div>\n\t\t\t\t<\/div>\n\t\t\t\t\t<\/div>\n\t\t<\/div>\n\t\t\t\t\t<\/div>\n\t\t<\/section>\n\t\t\t\t<section class=\"elementor-section elementor-top-section elementor-element elementor-element-c3d42f4 elementor-section-boxed elementor-section-height-default elementor-section-height-default\" data-id=\"c3d42f4\" data-element_type=\"section\">\n\t\t\t\t\t\t<div class=\"elementor-container elementor-column-gap-default\">\n\t\t\t\t\t<div class=\"elementor-column elementor-col-100 elementor-top-column elementor-element elementor-element-86b5bd4\" data-id=\"86b5bd4\" data-element_type=\"column\">\n\t\t\t<div class=\"elementor-widget-wrap elementor-element-populated\">\n\t\t\t\t\t\t<div class=\"elementor-element elementor-element-e42af74 elementor-widget elementor-widget-text-editor\" data-id=\"e42af74\" data-element_type=\"widget\" data-widget_type=\"text-editor.default\">\n\t\t\t\t<div class=\"elementor-widget-container\">\n\t\t\t\t\t\t\t\t\t<p>Nichts hinterl\u00e4sst einen besseren Eindruck beim Kunden, als wenn alles l\u00e4uft. Leider kann man das nicht immer direkt beeinflussen \u2013 Waren kommen nicht rechtzeitig an und k\u00f6nnen nicht weiterverarbeitet werden oder Lieferungen sind nur verz\u00f6gert m\u00f6glich. Gerade die Corona-Krise hat zu starken Verknappungen in Materialien und Kapazit\u00e4ten gef\u00fchrt, die noch immer ihre Wellen schlagen. Aber nicht immer liegt es allein an \u00e4u\u00dferen Faktoren. H\u00e4ufig gibt es gro\u00dfe Optimierungspotenziale in den Abl\u00e4ufen selbst. Sie sind nicht ganz zufrieden damit, wie es gerade l\u00e4uft?<\/p>\n<p><\/p>\n<p><b>Erste Ansatzpunkte f\u00fcr die Analyse k\u00f6nnen sein:<\/b><\/p>\n<div><span style=\"color: var( --e-global-color-text ); font-family: var( --e-global-typography-text-font-family ), Sans-serif;\"><b>1) Optimierung der Informationsstr\u00f6me intern und extern<\/b><\/span><\/div>\n<p>Richtige Kommunikation kann Vielem vorbeugen. Gemeinsam genutzte Plattformen mit eingeschr\u00e4nktem Zugriff erm\u00f6glichen gleichzeitig eine effiziente und transparente&nbsp; Zusammenarbeit sowie Datensicherheit. Gerade in Projekten, an denen mehrere Mitarbeiter \u00e4hnliche Rollen haben oder Rollen nicht klar besprochen wurden, ist eine \u00dcbergabe oder Dokumentation wichtig, um sp\u00e4teren Frust beim Kunden zu vermeiden.<\/p>\n<p><b>2) Positive Kundenerlebnisse schaffen<\/b><\/p>\n<p>Darauf aufbauend kann ein Update-Gespr\u00e4ch mit dem Kunden helfen: Nicht allen Kunden ist es wichtig, dass die Ware so schnell wie m\u00f6glich bei ihnen eintrifft, sondern: Zur richtigen Zeit und in der richtigen Reihenfolge. Just-in-time und Just-in-Sequence werden deshalb immer wichtiger. Just-in-Time ist inzwischen jedem ein Begriff \u2013 just-in-sequence meint zum Beispiel die Beachtung einer bestimmten Reihenfolge beim Beladen, sodass das Entladen und der Aufbau maximal einfach werden.<\/p>\n<p><br><\/p>\n<p><b>Fazit<\/b><\/p>\n<p><\/p>\n<p>Ein bisschen Chaos ist normal, aber: Wenn es regelm\u00e4\u00dfig zu Problemen kommt und immer wieder dieselben Themen pr\u00e4sent werden, sollten Sie umdenken.&nbsp;<span style=\"color: var( --e-global-color-text );\">Denn eine gute Supply Chain aufzusetzen ist zwar komplex \u2013 aber nicht unm\u00f6glich. Wir beraten Sie gerne und unverbindlich zu den Potenzialen in Ihrer Lieferkette und helfen Ihnen bei den ersten Schritten in die richtige Richtung.<\/span><\/p>\n<p><\/p>\t\t\t\t\t\t\t\t<\/div>\n\t\t\t\t<\/div>\n\t\t\t\t\t<\/div>\n\t\t<\/div>\n\t\t\t\t\t<\/div>\n\t\t<\/section>\n\t\t\t\t<section class=\"elementor-section elementor-top-section elementor-element elementor-element-5853ce0 elementor-section-boxed elementor-section-height-default elementor-section-height-default\" data-id=\"5853ce0\" data-element_type=\"section\">\n\t\t\t\t\t\t<div class=\"elementor-container elementor-column-gap-default\">\n\t\t\t\t\t<div class=\"elementor-column elementor-col-100 elementor-top-column elementor-element elementor-element-b2b4dd8\" data-id=\"b2b4dd8\" data-element_type=\"column\">\n\t\t\t<div class=\"elementor-widget-wrap elementor-element-populated\">\n\t\t\t\t\t\t<div class=\"elementor-element elementor-element-a1325c9 elementor-widget elementor-widget-text-editor\" data-id=\"a1325c9\" data-element_type=\"widget\" data-widget_type=\"text-editor.default\">\n\t\t\t\t<div class=\"elementor-widget-container\">\n\t\t\t\t\t\t\t\t\t<p>Eine kurze Aufmunterung zum Schluss:<\/p>\n<p><em style=\"color: inherit; font-family: Roboto, Verdana, Geneva, sans-serif; font-size: 16px;\"><b>This Supply Chain Stuff is really tricky.<\/b><\/em><span style=\"color: inherit; font-family: Roboto, Verdana, Geneva, sans-serif; font-size: 16px;\">&nbsp;\u2013 Elon Musk<\/span><\/p>\t\t\t\t\t\t\t\t<\/div>\n\t\t\t\t<\/div>\n\t\t\t\t\t<\/div>\n\t\t<\/div>\n\t\t\t\t\t<\/div>\n\t\t<\/section>\n\t\t\t\t<section class=\"elementor-section elementor-top-section elementor-element elementor-element-8b1e4f3 elementor-section-boxed elementor-section-height-default elementor-section-height-default\" data-id=\"8b1e4f3\" data-element_type=\"section\">\n\t\t\t\t\t\t<div class=\"elementor-container elementor-column-gap-default\">\n\t\t\t\t\t<div class=\"elementor-column elementor-col-100 elementor-top-column elementor-element elementor-element-18af966\" data-id=\"18af966\" data-element_type=\"column\">\n\t\t\t<div class=\"elementor-widget-wrap elementor-element-populated\">\n\t\t\t\t\t\t<div class=\"elementor-element elementor-element-77c657c elementor-align-center elementor-widget elementor-widget-button\" data-id=\"77c657c\" data-element_type=\"widget\" data-widget_type=\"button.default\">\n\t\t\t\t<div class=\"elementor-widget-container\">\n\t\t\t\t\t\t\t\t\t<div class=\"elementor-button-wrapper\">\n\t\t\t\t\t<a class=\"elementor-button elementor-button-link elementor-size-sm\" href=\"https:\/\/provectra.de\/kontakt\">\n\t\t\t\t\t\t<span class=\"elementor-button-content-wrapper\">\n\t\t\t\t\t\t\t\t\t<span class=\"elementor-button-text\">Jetzt Potenziale entdecken<\/span>\n\t\t\t\t\t<\/span>\n\t\t\t\t\t<\/a>\n\t\t\t\t<\/div>\n\t\t\t\t\t\t\t\t<\/div>\n\t\t\t\t<\/div>\n\t\t\t\t\t<\/div>\n\t\t<\/div>\n\t\t\t\t\t<\/div>\n\t\t<\/section>\n\t\t\t\t<\/div>\n\t\t","protected":false},"excerpt":{"rendered":"<p>Reibungslose Supply Chain &#8211; sch\u00f6ne Vorstellung oder wirklich machbar? Lesezeit: ca. 2 Minuten Nichts hinterl\u00e4sst einen besseren Eindruck beim Kunden, als wenn alles l\u00e4uft. Leider kann man das nicht immer direkt beeinflussen \u2013 Waren kommen nicht rechtzeitig an und k\u00f6nnen nicht weiterverarbeitet werden oder Lieferungen sind nur verz\u00f6gert m\u00f6glich. Gerade die Corona-Krise hat zu starken [&hellip;]<\/p>\n","protected":false},"author":2,"featured_media":0,"parent":0,"menu_order":0,"comment_status":"closed","ping_status":"closed","template":"","meta":{"ocean_post_layout":"","ocean_both_sidebars_style":"","ocean_both_sidebars_content_width":0,"ocean_both_sidebars_sidebars_width":0,"ocean_sidebar":"0","ocean_second_sidebar":"0","ocean_disable_margins":"enable","ocean_add_body_class":"","ocean_shortcode_before_top_bar":"","ocean_shortcode_after_top_bar":"","ocean_shortcode_before_header":"","ocean_shortcode_after_header":"","ocean_has_shortcode":"","ocean_shortcode_after_title":"","ocean_shortcode_before_footer_widgets":"","ocean_shortcode_after_footer_widgets":"","ocean_shortcode_before_footer_bottom":"","ocean_shortcode_after_footer_bottom":"","ocean_display_top_bar":"default","ocean_display_header":"default","ocean_header_style":"","ocean_center_header_left_menu":"0","ocean_custom_header_template":"0","ocean_custom_logo":0,"ocean_custom_retina_logo":0,"ocean_custom_logo_max_width":0,"ocean_custom_logo_tablet_max_width":0,"ocean_custom_logo_mobile_max_width":0,"ocean_custom_logo_max_height":0,"ocean_custom_logo_tablet_max_height":0,"ocean_custom_logo_mobile_max_height":0,"ocean_header_custom_menu":"0","ocean_menu_typo_font_family":"0","ocean_menu_typo_font_subset":"","ocean_menu_typo_font_size":0,"ocean_menu_typo_font_size_tablet":0,"ocean_menu_typo_font_size_mobile":0,"ocean_menu_typo_font_size_unit":"px","ocean_menu_typo_font_weight":"","ocean_menu_typo_font_weight_tablet":"","ocean_menu_typo_font_weight_mobile":"","ocean_menu_typo_transform":"","ocean_menu_typo_transform_tablet":"","ocean_menu_typo_transform_mobile":"","ocean_menu_typo_line_height":0,"ocean_menu_typo_line_height_tablet":0,"ocean_menu_typo_line_height_mobile":0,"ocean_menu_typo_line_height_unit":"","ocean_menu_typo_spacing":0,"ocean_menu_typo_spacing_tablet":0,"ocean_menu_typo_spacing_mobile":0,"ocean_menu_typo_spacing_unit":"","ocean_menu_link_color":"","ocean_menu_link_color_hover":"","ocean_menu_link_color_active":"","ocean_menu_link_background":"","ocean_menu_link_hover_background":"","ocean_menu_link_active_background":"","ocean_menu_social_links_bg":"","ocean_menu_social_hover_links_bg":"","ocean_menu_social_links_color":"","ocean_menu_social_hover_links_color":"","ocean_disable_title":"default","ocean_disable_heading":"default","ocean_post_title":"","ocean_post_subheading":"","ocean_post_title_style":"","ocean_post_title_background_color":"","ocean_post_title_background":0,"ocean_post_title_bg_image_position":"","ocean_post_title_bg_image_attachment":"","ocean_post_title_bg_image_repeat":"","ocean_post_title_bg_image_size":"","ocean_post_title_height":0,"ocean_post_title_bg_overlay":0.5,"ocean_post_title_bg_overlay_color":"","ocean_disable_breadcrumbs":"default","ocean_breadcrumbs_color":"","ocean_breadcrumbs_separator_color":"","ocean_breadcrumbs_links_color":"","ocean_breadcrumbs_links_hover_color":"","ocean_display_footer_widgets":"default","ocean_display_footer_bottom":"default","ocean_custom_footer_template":"0","footnotes":""},"yoast_head":"<!-- This site is optimized with the Yoast SEO plugin v22.8 - https:\/\/yoast.com\/wordpress\/plugins\/seo\/ -->\n<title>Reibungslose Supply Chain - sch\u00f6ne Vorstellung oder wirklich machbar? &#183; provectra<\/title>\n<meta name=\"description\" content=\"Die Bedeutung von Spedition und Logistik: Bei der Supply Chain ansetzen und Potenziale aufdecken. Jetzt anfragen.\" \/>\n<meta name=\"robots\" content=\"index, follow, max-snippet:-1, max-image-preview:large, max-video-preview:-1\" \/>\n<link rel=\"canonical\" href=\"https:\/\/www.provectra.de\/de\/reibungslose-supply-chain-schoene-vorstellung-oder-wirklich-machbar\/\" \/>\n<meta property=\"og:locale\" content=\"de_DE\" \/>\n<meta property=\"og:type\" content=\"article\" \/>\n<meta property=\"og:title\" content=\"Reibungslose Supply Chain - sch\u00f6ne Vorstellung oder wirklich machbar? &#183; provectra\" \/>\n<meta property=\"og:description\" content=\"Die Bedeutung von Spedition und Logistik: Bei der Supply Chain ansetzen und Potenziale aufdecken. Jetzt anfragen.\" \/>\n<meta property=\"og:url\" content=\"https:\/\/www.provectra.de\/de\/reibungslose-supply-chain-schoene-vorstellung-oder-wirklich-machbar\/\" \/>\n<meta property=\"og:site_name\" content=\"provectra\" \/>\n<meta property=\"article:modified_time\" content=\"2021-11-30T09:18:08+00:00\" \/>\n<meta name=\"twitter:card\" content=\"summary_large_image\" \/>\n<meta name=\"twitter:label1\" content=\"Gesch\u00e4tzte Lesezeit\" \/>\n\t<meta name=\"twitter:data1\" content=\"2\u00a0Minuten\" \/>\n<script type=\"application\/ld+json\" class=\"yoast-schema-graph\">{\"@context\":\"https:\/\/schema.org\",\"@graph\":[{\"@type\":\"WebPage\",\"@id\":\"https:\/\/www.provectra.de\/reibungslose-supply-chain-schoene-vorstellung-oder-wirklich-machbar\/\",\"url\":\"https:\/\/www.provectra.de\/reibungslose-supply-chain-schoene-vorstellung-oder-wirklich-machbar\/\",\"name\":\"Reibungslose Supply Chain - sch\u00f6ne Vorstellung oder wirklich machbar? &#183; provectra\",\"isPartOf\":{\"@id\":\"https:\/\/www.provectra.de\/de\/#website\"},\"datePublished\":\"2021-09-28T07:22:51+00:00\",\"dateModified\":\"2021-11-30T09:18:08+00:00\",\"description\":\"Die Bedeutung von Spedition und Logistik: Bei der Supply Chain ansetzen und Potenziale aufdecken. Jetzt anfragen.\",\"breadcrumb\":{\"@id\":\"https:\/\/www.provectra.de\/reibungslose-supply-chain-schoene-vorstellung-oder-wirklich-machbar\/#breadcrumb\"},\"inLanguage\":\"de\",\"potentialAction\":[{\"@type\":\"ReadAction\",\"target\":[\"https:\/\/www.provectra.de\/reibungslose-supply-chain-schoene-vorstellung-oder-wirklich-machbar\/\"]}]},{\"@type\":\"BreadcrumbList\",\"@id\":\"https:\/\/www.provectra.de\/reibungslose-supply-chain-schoene-vorstellung-oder-wirklich-machbar\/#breadcrumb\",\"itemListElement\":[{\"@type\":\"ListItem\",\"position\":1,\"name\":\"Startseite\",\"item\":\"https:\/\/www.provectra.de\/\"},{\"@type\":\"ListItem\",\"position\":2,\"name\":\"Reibungslose Supply Chain &#8211; sch\u00f6ne Vorstellung oder wirklich machbar?\"}]},{\"@type\":\"WebSite\",\"@id\":\"https:\/\/www.provectra.de\/de\/#website\",\"url\":\"https:\/\/www.provectra.de\/de\/\",\"name\":\"provectra\",\"description\":\"Consulting Spedition Logistik\",\"publisher\":{\"@id\":\"https:\/\/www.provectra.de\/de\/#organization\"},\"potentialAction\":[{\"@type\":\"SearchAction\",\"target\":{\"@type\":\"EntryPoint\",\"urlTemplate\":\"https:\/\/www.provectra.de\/de\/?s={search_term_string}\"},\"query-input\":\"required name=search_term_string\"}],\"inLanguage\":\"de\"},{\"@type\":\"Organization\",\"@id\":\"https:\/\/www.provectra.de\/de\/#organization\",\"name\":\"Provectra GmbH\",\"url\":\"https:\/\/www.provectra.de\/de\/\",\"logo\":{\"@type\":\"ImageObject\",\"inLanguage\":\"de\",\"@id\":\"https:\/\/www.provectra.de\/de\/#\/schema\/logo\/image\/\",\"url\":\"https:\/\/www.provectra.de\/wp-content\/uploads\/2020\/01\/provectra_favicon1.png\",\"contentUrl\":\"https:\/\/www.provectra.de\/wp-content\/uploads\/2020\/01\/provectra_favicon1.png\",\"width\":512,\"height\":512,\"caption\":\"Provectra GmbH\"},\"image\":{\"@id\":\"https:\/\/www.provectra.de\/de\/#\/schema\/logo\/image\/\"}}]}<\/script>\n<!-- \/ Yoast SEO plugin. -->","yoast_head_json":{"title":"Reibungslose Supply Chain - sch\u00f6ne Vorstellung oder wirklich machbar? &#183; provectra","description":"Die Bedeutung von Spedition und Logistik: Bei der Supply Chain ansetzen und Potenziale aufdecken. Jetzt anfragen.","robots":{"index":"index","follow":"follow","max-snippet":"max-snippet:-1","max-image-preview":"max-image-preview:large","max-video-preview":"max-video-preview:-1"},"canonical":"https:\/\/www.provectra.de\/de\/reibungslose-supply-chain-schoene-vorstellung-oder-wirklich-machbar\/","og_locale":"de_DE","og_type":"article","og_title":"Reibungslose Supply Chain - sch\u00f6ne Vorstellung oder wirklich machbar? &#183; provectra","og_description":"Die Bedeutung von Spedition und Logistik: Bei der Supply Chain ansetzen und Potenziale aufdecken. Jetzt anfragen.","og_url":"https:\/\/www.provectra.de\/de\/reibungslose-supply-chain-schoene-vorstellung-oder-wirklich-machbar\/","og_site_name":"provectra","article_modified_time":"2021-11-30T09:18:08+00:00","twitter_card":"summary_large_image","twitter_misc":{"Gesch\u00e4tzte Lesezeit":"2\u00a0Minuten"},"schema":{"@context":"https:\/\/schema.org","@graph":[{"@type":"WebPage","@id":"https:\/\/www.provectra.de\/reibungslose-supply-chain-schoene-vorstellung-oder-wirklich-machbar\/","url":"https:\/\/www.provectra.de\/reibungslose-supply-chain-schoene-vorstellung-oder-wirklich-machbar\/","name":"Reibungslose Supply Chain - sch\u00f6ne Vorstellung oder wirklich machbar? &#183; provectra","isPartOf":{"@id":"https:\/\/www.provectra.de\/de\/#website"},"datePublished":"2021-09-28T07:22:51+00:00","dateModified":"2021-11-30T09:18:08+00:00","description":"Die Bedeutung von Spedition und Logistik: Bei der Supply Chain ansetzen und Potenziale aufdecken. Jetzt anfragen.","breadcrumb":{"@id":"https:\/\/www.provectra.de\/reibungslose-supply-chain-schoene-vorstellung-oder-wirklich-machbar\/#breadcrumb"},"inLanguage":"de","potentialAction":[{"@type":"ReadAction","target":["https:\/\/www.provectra.de\/reibungslose-supply-chain-schoene-vorstellung-oder-wirklich-machbar\/"]}]},{"@type":"BreadcrumbList","@id":"https:\/\/www.provectra.de\/reibungslose-supply-chain-schoene-vorstellung-oder-wirklich-machbar\/#breadcrumb","itemListElement":[{"@type":"ListItem","position":1,"name":"Startseite","item":"https:\/\/www.provectra.de\/"},{"@type":"ListItem","position":2,"name":"Reibungslose Supply Chain &#8211; sch\u00f6ne Vorstellung oder wirklich machbar?"}]},{"@type":"WebSite","@id":"https:\/\/www.provectra.de\/de\/#website","url":"https:\/\/www.provectra.de\/de\/","name":"provectra","description":"Consulting Spedition Logistik","publisher":{"@id":"https:\/\/www.provectra.de\/de\/#organization"},"potentialAction":[{"@type":"SearchAction","target":{"@type":"EntryPoint","urlTemplate":"https:\/\/www.provectra.de\/de\/?s={search_term_string}"},"query-input":"required name=search_term_string"}],"inLanguage":"de"},{"@type":"Organization","@id":"https:\/\/www.provectra.de\/de\/#organization","name":"Provectra GmbH","url":"https:\/\/www.provectra.de\/de\/","logo":{"@type":"ImageObject","inLanguage":"de","@id":"https:\/\/www.provectra.de\/de\/#\/schema\/logo\/image\/","url":"https:\/\/www.provectra.de\/wp-content\/uploads\/2020\/01\/provectra_favicon1.png","contentUrl":"https:\/\/www.provectra.de\/wp-content\/uploads\/2020\/01\/provectra_favicon1.png","width":512,"height":512,"caption":"Provectra GmbH"},"image":{"@id":"https:\/\/www.provectra.de\/de\/#\/schema\/logo\/image\/"}}]}},"jetpack_sharing_enabled":true,"_links":{"self":[{"href":"https:\/\/www.provectra.de\/de\/wp-json\/wp\/v2\/pages\/4733"}],"collection":[{"href":"https:\/\/www.provectra.de\/de\/wp-json\/wp\/v2\/pages"}],"about":[{"href":"https:\/\/www.provectra.de\/de\/wp-json\/wp\/v2\/types\/page"}],"author":[{"embeddable":true,"href":"https:\/\/www.provectra.de\/de\/wp-json\/wp\/v2\/users\/2"}],"replies":[{"embeddable":true,"href":"https:\/\/www.provectra.de\/de\/wp-json\/wp\/v2\/comments?post=4733"}],"version-history":[{"count":39,"href":"https:\/\/www.provectra.de\/de\/wp-json\/wp\/v2\/pages\/4733\/revisions"}],"predecessor-version":[{"id":7105,"href":"https:\/\/www.provectra.de\/de\/wp-json\/wp\/v2\/pages\/4733\/revisions\/7105"}],"wp:attachment":[{"href":"https:\/\/www.provectra.de\/de\/wp-json\/wp\/v2\/media?parent=4733"}],"curies":[{"name":"wp","href":"https:\/\/api.w.org\/{rel}","templated":true}]}}