{"id":1516,"date":"2020-05-31T08:20:24","date_gmt":"2020-05-31T08:20:24","guid":{"rendered":"https:\/\/www.provectra.de\/?page_id=1516"},"modified":"2021-12-09T16:07:56","modified_gmt":"2021-12-09T16:07:56","slug":"projektlogistik","status":"publish","type":"page","link":"https:\/\/www.provectra.de\/en\/projektlogistik\/","title":{"rendered":"Project logistics"},"content":{"rendered":"<div data-elementor-type=\"wp-page\" data-elementor-id=\"1516\" class=\"elementor elementor-1516\">\n\t\t\t\t\t\t<section class=\"elementor-section elementor-top-section elementor-element elementor-element-3c6f42e elementor-section-boxed elementor-section-height-default elementor-section-height-default\" data-id=\"3c6f42e\" data-element_type=\"section\">\n\t\t\t\t\t\t<div class=\"elementor-container elementor-column-gap-default\">\n\t\t\t\t\t<div class=\"elementor-column elementor-col-100 elementor-top-column elementor-element elementor-element-118b14f\" data-id=\"118b14f\" data-element_type=\"column\">\n\t\t\t<div class=\"elementor-widget-wrap elementor-element-populated\">\n\t\t\t\t\t\t<div class=\"elementor-element elementor-element-679c549 elementor-widget elementor-widget-spacer\" data-id=\"679c549\" data-element_type=\"widget\" data-widget_type=\"spacer.default\">\n\t\t\t\t<div class=\"elementor-widget-container\">\n\t\t\t\t\t\t\t<div class=\"elementor-spacer\">\n\t\t\t<div class=\"elementor-spacer-inner\"><\/div>\n\t\t<\/div>\n\t\t\t\t\t\t<\/div>\n\t\t\t\t<\/div>\n\t\t\t\t\t<\/div>\n\t\t<\/div>\n\t\t\t\t\t<\/div>\n\t\t<\/section>\n\t\t\t\t<section class=\"elementor-section elementor-top-section elementor-element elementor-element-d089481 elementor-section-boxed elementor-section-height-default elementor-section-height-default\" data-id=\"d089481\" data-element_type=\"section\">\n\t\t\t\t\t\t<div class=\"elementor-container elementor-column-gap-default\">\n\t\t\t\t\t<div class=\"elementor-column elementor-col-100 elementor-top-column elementor-element elementor-element-45e3deb\" data-id=\"45e3deb\" data-element_type=\"column\">\n\t\t\t<div class=\"elementor-widget-wrap elementor-element-populated\">\n\t\t\t\t\t\t<div class=\"elementor-element elementor-element-331067a elementor-widget elementor-widget-heading\" data-id=\"331067a\" data-element_type=\"widget\" data-widget_type=\"heading.default\">\n\t\t\t\t<div class=\"elementor-widget-container\">\n\t\t\t\t\t<h2 class=\"elementor-heading-title elementor-size-xl\">Project logistics\n<\/h2>\t\t\t\t<\/div>\n\t\t\t\t<\/div>\n\t\t\t\t\t<\/div>\n\t\t<\/div>\n\t\t\t\t\t<\/div>\n\t\t<\/section>\n\t\t\t\t<section class=\"elementor-section elementor-top-section elementor-element elementor-element-3c65fb9 elementor-section-boxed elementor-section-height-default elementor-section-height-default\" data-id=\"3c65fb9\" data-element_type=\"section\">\n\t\t\t\t\t\t<div class=\"elementor-container elementor-column-gap-default\">\n\t\t\t\t\t<div class=\"elementor-column elementor-col-100 elementor-top-column elementor-element elementor-element-97c1f6c\" data-id=\"97c1f6c\" data-element_type=\"column\">\n\t\t\t<div class=\"elementor-widget-wrap elementor-element-populated\">\n\t\t\t\t\t\t<div class=\"elementor-element elementor-element-2f7e7f0 elementor-widget elementor-widget-spacer\" data-id=\"2f7e7f0\" data-element_type=\"widget\" data-widget_type=\"spacer.default\">\n\t\t\t\t<div class=\"elementor-widget-container\">\n\t\t\t\t\t\t\t<div class=\"elementor-spacer\">\n\t\t\t<div class=\"elementor-spacer-inner\"><\/div>\n\t\t<\/div>\n\t\t\t\t\t\t<\/div>\n\t\t\t\t<\/div>\n\t\t\t\t\t<\/div>\n\t\t<\/div>\n\t\t\t\t\t<\/div>\n\t\t<\/section>\n\t\t\t\t<section class=\"elementor-section elementor-top-section elementor-element elementor-element-a935f50 elementor-section-boxed elementor-section-height-default elementor-section-height-default\" data-id=\"a935f50\" data-element_type=\"section\">\n\t\t\t\t\t\t<div class=\"elementor-container elementor-column-gap-default\">\n\t\t\t\t\t<div class=\"elementor-column elementor-col-50 elementor-top-column elementor-element elementor-element-f52c105\" data-id=\"f52c105\" data-element_type=\"column\">\n\t\t\t<div class=\"elementor-widget-wrap elementor-element-populated\">\n\t\t\t\t\t\t<div class=\"elementor-element elementor-element-152ed40 elementor-widget elementor-widget-text-editor\" data-id=\"152ed40\" data-element_type=\"widget\" data-widget_type=\"text-editor.default\">\n\t\t\t\t<div class=\"elementor-widget-container\">\n\t\t\t\t\t\t\t\t\t<h5>Project controlling is our core competence. We accompany our clients' projects from the offering phase onward.<\/h5><h2 class=\"elementor-heading-title elementor-size-default elementor-inline-editing pen\" contenteditable=\"true\" data-elementor-setting-key=\"title\" data-pen-placeholder=\"Eingabe hier...\">We uncomplicate.<\/h2><h5>\u00a0<\/h5><h5>Difficult projects are our chance to deliver.\nWe analyze, evaluate and plan any given circumstance\nahead, including the calculatory evaluation as well\nas the necessary customs and tax proceedings.\nEven in Europe, there exist regions that might not\nbe able to be supplied all year round.\nTo keep you free, we provide the\nselection of transport modes, routes and\ntransport periods.<\/h5>\t\t\t\t\t\t\t\t<\/div>\n\t\t\t\t<\/div>\n\t\t\t\t\t<\/div>\n\t\t<\/div>\n\t\t\t\t<div class=\"elementor-column elementor-col-50 elementor-top-column elementor-element elementor-element-05a832b\" data-id=\"05a832b\" data-element_type=\"column\">\n\t\t\t<div class=\"elementor-widget-wrap elementor-element-populated\">\n\t\t\t\t\t\t<div class=\"elementor-element elementor-element-f44d690 elementor-widget elementor-widget-image\" data-id=\"f44d690\" data-element_type=\"widget\" data-widget_type=\"image.default\">\n\t\t\t\t<div class=\"elementor-widget-container\">\n\t\t\t\t\t\t\t\t\t\t\t\t\t\t\t<img fetchpriority=\"high\" decoding=\"async\" width=\"1024\" height=\"768\" src=\"https:\/\/www.provectra.de\/wp-content\/uploads\/2021\/01\/Projektlogistik-1024x768.jpg\" class=\"attachment-large size-large wp-image-2927\" alt=\"\" srcset=\"https:\/\/www.provectra.de\/wp-content\/uploads\/2021\/01\/Projektlogistik-1024x768.jpg 1024w, https:\/\/www.provectra.de\/wp-content\/uploads\/2021\/01\/Projektlogistik-590x443.jpg 590w, https:\/\/www.provectra.de\/wp-content\/uploads\/2021\/01\/Projektlogistik-300x225.jpg 300w, https:\/\/www.provectra.de\/wp-content\/uploads\/2021\/01\/Projektlogistik-768x576.jpg 768w, https:\/\/www.provectra.de\/wp-content\/uploads\/2021\/01\/Projektlogistik-1536x1152.jpg 1536w, https:\/\/www.provectra.de\/wp-content\/uploads\/2021\/01\/Projektlogistik.jpg 1600w\" sizes=\"(max-width: 1024px) 100vw, 1024px\" \/>\t\t\t\t\t\t\t\t\t\t\t\t\t\t\t<\/div>\n\t\t\t\t<\/div>\n\t\t\t\t\t<\/div>\n\t\t<\/div>\n\t\t\t\t\t<\/div>\n\t\t<\/section>\n\t\t\t\t<section class=\"elementor-section elementor-top-section elementor-element elementor-element-a5b0c24 elementor-section-boxed elementor-section-height-default elementor-section-height-default\" data-id=\"a5b0c24\" data-element_type=\"section\">\n\t\t\t\t\t\t<div class=\"elementor-container elementor-column-gap-default\">\n\t\t\t\t\t<div class=\"elementor-column elementor-col-50 elementor-top-column elementor-element elementor-element-9554ca2\" data-id=\"9554ca2\" data-element_type=\"column\">\n\t\t\t<div class=\"elementor-widget-wrap elementor-element-populated\">\n\t\t\t\t\t\t\t<\/div>\n\t\t<\/div>\n\t\t\t\t<div class=\"elementor-column elementor-col-50 elementor-top-column elementor-element elementor-element-e2de67a\" data-id=\"e2de67a\" data-element_type=\"column\">\n\t\t\t<div class=\"elementor-widget-wrap\">\n\t\t\t\t\t\t\t<\/div>\n\t\t<\/div>\n\t\t\t\t\t<\/div>\n\t\t<\/section>\n\t\t\t\t<section class=\"elementor-section elementor-top-section elementor-element elementor-element-f809111 elementor-section-boxed elementor-section-height-default elementor-section-height-default\" data-id=\"f809111\" data-element_type=\"section\" data-settings=\"{&quot;background_background&quot;:&quot;classic&quot;}\">\n\t\t\t\t\t\t<div class=\"elementor-container elementor-column-gap-default\">\n\t\t\t\t\t<div class=\"elementor-column elementor-col-50 elementor-top-column elementor-element elementor-element-35efc95\" data-id=\"35efc95\" data-element_type=\"column\">\n\t\t\t<div class=\"elementor-widget-wrap elementor-element-populated\">\n\t\t\t\t\t\t<div class=\"elementor-element elementor-element-03063cc elementor-widget elementor-widget-spacer\" data-id=\"03063cc\" data-element_type=\"widget\" data-widget_type=\"spacer.default\">\n\t\t\t\t<div class=\"elementor-widget-container\">\n\t\t\t\t\t\t\t<div class=\"elementor-spacer\">\n\t\t\t<div class=\"elementor-spacer-inner\"><\/div>\n\t\t<\/div>\n\t\t\t\t\t\t<\/div>\n\t\t\t\t<\/div>\n\t\t\t\t<div class=\"elementor-element elementor-element-d743959 elementor-widget elementor-widget-heading\" data-id=\"d743959\" data-element_type=\"widget\" data-widget_type=\"heading.default\">\n\t\t\t\t<div class=\"elementor-widget-container\">\n\t\t\t\t\t<h2 class=\"elementor-heading-title elementor-size-default\">Projects<\/h2>\t\t\t\t<\/div>\n\t\t\t\t<\/div>\n\t\t\t\t<div class=\"elementor-element elementor-element-571317e elementor-widget elementor-widget-spacer\" data-id=\"571317e\" data-element_type=\"widget\" data-widget_type=\"spacer.default\">\n\t\t\t\t<div class=\"elementor-widget-container\">\n\t\t\t\t\t\t\t<div class=\"elementor-spacer\">\n\t\t\t<div class=\"elementor-spacer-inner\"><\/div>\n\t\t<\/div>\n\t\t\t\t\t\t<\/div>\n\t\t\t\t<\/div>\n\t\t\t\t\t<\/div>\n\t\t<\/div>\n\t\t\t\t<div class=\"elementor-column elementor-col-50 elementor-top-column elementor-element elementor-element-4ce73afa\" data-id=\"4ce73afa\" data-element_type=\"column\">\n\t\t\t<div class=\"elementor-widget-wrap elementor-element-populated\">\n\t\t\t\t\t\t<div class=\"elementor-element elementor-element-fbbdaeb elementor-widget elementor-widget-spacer\" data-id=\"fbbdaeb\" data-element_type=\"widget\" data-widget_type=\"spacer.default\">\n\t\t\t\t<div class=\"elementor-widget-container\">\n\t\t\t\t\t\t\t<div class=\"elementor-spacer\">\n\t\t\t<div class=\"elementor-spacer-inner\"><\/div>\n\t\t<\/div>\n\t\t\t\t\t\t<\/div>\n\t\t\t\t<\/div>\n\t\t\t\t<div class=\"elementor-element elementor-element-7f9dd2c7 elementor-position-left elementor-view-default elementor-mobile-position-top elementor-vertical-align-top elementor-widget elementor-widget-icon-box\" data-id=\"7f9dd2c7\" data-element_type=\"widget\" data-widget_type=\"icon-box.default\">\n\t\t\t\t<div class=\"elementor-widget-container\">\n\t\t\t\t\t\t\t<div class=\"elementor-icon-box-wrapper\">\n\n\t\t\t\t\t\t<div class=\"elementor-icon-box-icon\">\n\t\t\t\t<span  class=\"elementor-icon elementor-animation-grow\">\n\t\t\t\t<i aria-hidden=\"true\" class=\"fas fa-calendar\"><\/i>\t\t\t\t<\/span>\n\t\t\t<\/div>\n\t\t\t\n\t\t\t\t\t\t<div class=\"elementor-icon-box-content\">\n\n\t\t\t\t\t\t\t\t\t<h3 class=\"elementor-icon-box-title\">\n\t\t\t\t\t\t<span  >\n\t\t\t\t\t\t\tSwitzerland <br>EFTA state\n\t\t\t\t\t\t<\/span>\n\t\t\t\t\t<\/h3>\n\t\t\t\t\n\t\t\t\t\n\t\t\t<\/div>\n\t\t\t\n\t\t<\/div>\n\t\t\t\t\t\t<\/div>\n\t\t\t\t<\/div>\n\t\t\t\t<div class=\"elementor-element elementor-element-aa9268 elementor-position-left elementor-view-default elementor-mobile-position-top elementor-vertical-align-top elementor-widget elementor-widget-icon-box\" data-id=\"aa9268\" data-element_type=\"widget\" data-widget_type=\"icon-box.default\">\n\t\t\t\t<div class=\"elementor-widget-container\">\n\t\t\t\t\t\t\t<div class=\"elementor-icon-box-wrapper\">\n\n\t\t\t\t\t\t<div class=\"elementor-icon-box-icon\">\n\t\t\t\t<span  class=\"elementor-icon elementor-animation-grow\">\n\t\t\t\t<i aria-hidden=\"true\" class=\"fas fa-calendar\"><\/i>\t\t\t\t<\/span>\n\t\t\t<\/div>\n\t\t\t\n\t\t\t\t\t\t<div class=\"elementor-icon-box-content\">\n\n\t\t\t\t\t\t\t\t\t<h3 class=\"elementor-icon-box-title\">\n\t\t\t\t\t\t<span  >\n\t\t\t\t\t\t\tIsland Jersey<br>Special tax area\n\t\t\t\t\t\t<\/span>\n\t\t\t\t\t<\/h3>\n\t\t\t\t\n\t\t\t\t\t\t\t\t\t<p class=\"elementor-icon-box-description\">\n\t\t\t\t\t\t<br><b>Major project from Bavaria to the Channel Island of Jersey to St. Helier. In combined transportation we delivered approximately 60 full loads by truck and by ship. The loadings were processed by our partner in France, St. Malo. At Morvan Fils, the loadings were reloaded on flats and brought to St. Helier by ferry. The coordination between sender, trucks and ferries as well as the observance of fix dates for the construction site were not the only difficulties: the fact that the island is a special tax area outside the EU made complex customs clearance processes necessary.<\/b>\t\t\t\t\t<\/p>\n\t\t\t\t\n\t\t\t<\/div>\n\t\t\t\n\t\t<\/div>\n\t\t\t\t\t\t<\/div>\n\t\t\t\t<\/div>\n\t\t\t\t<div class=\"elementor-element elementor-element-1226c7e8 elementor-position-left elementor-view-default elementor-mobile-position-top elementor-vertical-align-top elementor-widget elementor-widget-icon-box\" data-id=\"1226c7e8\" data-element_type=\"widget\" data-widget_type=\"icon-box.default\">\n\t\t\t\t<div class=\"elementor-widget-container\">\n\t\t\t\t\t\t\t<div class=\"elementor-icon-box-wrapper\">\n\n\t\t\t\t\t\t<div class=\"elementor-icon-box-icon\">\n\t\t\t\t<span  class=\"elementor-icon elementor-animation-grow\">\n\t\t\t\t<i aria-hidden=\"true\" class=\"fas fa-calendar\"><\/i>\t\t\t\t<\/span>\n\t\t\t<\/div>\n\t\t\t\n\t\t\t\t\t\t<div class=\"elementor-icon-box-content\">\n\n\t\t\t\t\t\t\t\t\t<h3 class=\"elementor-icon-box-title\">\n\t\t\t\t\t\t<span  >\n\t\t\t\t\t\t\tLondon<br>FORS certified construction site delivery\n<br>\t\t\t\t\t\t<\/span>\n\t\t\t\t\t<\/h3>\n\t\t\t\t\n\t\t\t\t\t\t\t\t\t<p class=\"elementor-icon-box-description\">\n\t\t\t\t\t\t<b>Delivering to a construction site in downtown London was the main challenge of this project.<\/b>\t\t\t\t\t<\/p>\n\t\t\t\t\n\t\t\t<\/div>\n\t\t\t\n\t\t<\/div>\n\t\t\t\t\t\t<\/div>\n\t\t\t\t<\/div>\n\t\t\t\t<div class=\"elementor-element elementor-element-1fab4d0 elementor-widget elementor-widget-spacer\" data-id=\"1fab4d0\" data-element_type=\"widget\" data-widget_type=\"spacer.default\">\n\t\t\t\t<div class=\"elementor-widget-container\">\n\t\t\t\t\t\t\t<div class=\"elementor-spacer\">\n\t\t\t<div class=\"elementor-spacer-inner\"><\/div>\n\t\t<\/div>\n\t\t\t\t\t\t<\/div>\n\t\t\t\t<\/div>\n\t\t\t\t\t<\/div>\n\t\t<\/div>\n\t\t\t\t\t<\/div>\n\t\t<\/section>\n\t\t\t\t<section class=\"elementor-section elementor-top-section elementor-element elementor-element-a608add elementor-section-boxed elementor-section-height-default elementor-section-height-default\" data-id=\"a608add\" data-element_type=\"section\">\n\t\t\t\t\t\t<div class=\"elementor-container elementor-column-gap-default\">\n\t\t\t\t\t<div class=\"elementor-column elementor-col-50 elementor-top-column elementor-element elementor-element-a59bbef\" data-id=\"a59bbef\" data-element_type=\"column\">\n\t\t\t<div class=\"elementor-widget-wrap\">\n\t\t\t\t\t\t\t<\/div>\n\t\t<\/div>\n\t\t\t\t<div class=\"elementor-column elementor-col-50 elementor-top-column elementor-element elementor-element-ba6ceb7\" data-id=\"ba6ceb7\" data-element_type=\"column\">\n\t\t\t<div class=\"elementor-widget-wrap\">\n\t\t\t\t\t\t\t<\/div>\n\t\t<\/div>\n\t\t\t\t\t<\/div>\n\t\t<\/section>\n\t\t\t\t<\/div>","protected":false},"excerpt":{"rendered":"<p>Projektlogistik Die Steuerung von Projekten ist unsere Kernkompetenz. Wir begleiten die Projekte unserer Kunden nach M\u00f6glichkeit bereits ab der Angebotsphase, sp\u00e4testens jedoch mit Beginn der Planung. Dabei halten wir unseren Kunden den R\u00fccken frei, was alle logistischen Themen anbelangt. Wir machen kompliziert einfach. \u00a0 Wir analysieren, bewerten und planen bereits im Vorfeld die Gegebenheiten: diese [&hellip;]<\/p>","protected":false},"author":2,"featured_media":0,"parent":0,"menu_order":0,"comment_status":"closed","ping_status":"closed","template":"","meta":{"ocean_post_layout":"","ocean_both_sidebars_style":"","ocean_both_sidebars_content_width":0,"ocean_both_sidebars_sidebars_width":0,"ocean_sidebar":"0","ocean_second_sidebar":"0","ocean_disable_margins":"enable","ocean_add_body_class":"","ocean_shortcode_before_top_bar":"","ocean_shortcode_after_top_bar":"","ocean_shortcode_before_header":"","ocean_shortcode_after_header":"","ocean_has_shortcode":"","ocean_shortcode_after_title":"","ocean_shortcode_before_footer_widgets":"","ocean_shortcode_after_footer_widgets":"","ocean_shortcode_before_footer_bottom":"","ocean_shortcode_after_footer_bottom":"","ocean_display_top_bar":"default","ocean_display_header":"default","ocean_header_style":"","ocean_center_header_left_menu":"0","ocean_custom_header_template":"0","ocean_custom_logo":0,"ocean_custom_retina_logo":0,"ocean_custom_logo_max_width":0,"ocean_custom_logo_tablet_max_width":0,"ocean_custom_logo_mobile_max_width":0,"ocean_custom_logo_max_height":0,"ocean_custom_logo_tablet_max_height":0,"ocean_custom_logo_mobile_max_height":0,"ocean_header_custom_menu":"0","ocean_menu_typo_font_family":"0","ocean_menu_typo_font_subset":"","ocean_menu_typo_font_size":0,"ocean_menu_typo_font_size_tablet":0,"ocean_menu_typo_font_size_mobile":0,"ocean_menu_typo_font_size_unit":"px","ocean_menu_typo_font_weight":"","ocean_menu_typo_font_weight_tablet":"","ocean_menu_typo_font_weight_mobile":"","ocean_menu_typo_transform":"","ocean_menu_typo_transform_tablet":"","ocean_menu_typo_transform_mobile":"","ocean_menu_typo_line_height":0,"ocean_menu_typo_line_height_tablet":0,"ocean_menu_typo_line_height_mobile":0,"ocean_menu_typo_line_height_unit":"","ocean_menu_typo_spacing":0,"ocean_menu_typo_spacing_tablet":0,"ocean_menu_typo_spacing_mobile":0,"ocean_menu_typo_spacing_unit":"","ocean_menu_link_color":"","ocean_menu_link_color_hover":"","ocean_menu_link_color_active":"","ocean_menu_link_background":"","ocean_menu_link_hover_background":"","ocean_menu_link_active_background":"","ocean_menu_social_links_bg":"","ocean_menu_social_hover_links_bg":"","ocean_menu_social_links_color":"","ocean_menu_social_hover_links_color":"","ocean_disable_title":"default","ocean_disable_heading":"default","ocean_post_title":"","ocean_post_subheading":"","ocean_post_title_style":"","ocean_post_title_background_color":"","ocean_post_title_background":0,"ocean_post_title_bg_image_position":"","ocean_post_title_bg_image_attachment":"","ocean_post_title_bg_image_repeat":"","ocean_post_title_bg_image_size":"","ocean_post_title_height":0,"ocean_post_title_bg_overlay":0.5,"ocean_post_title_bg_overlay_color":"","ocean_disable_breadcrumbs":"default","ocean_breadcrumbs_color":"","ocean_breadcrumbs_separator_color":"","ocean_breadcrumbs_links_color":"","ocean_breadcrumbs_links_hover_color":"","ocean_display_footer_widgets":"default","ocean_display_footer_bottom":"default","ocean_custom_footer_template":"0","footnotes":""},"yoast_head":"<!-- This site is optimized with the Yoast SEO plugin v22.8 - https:\/\/yoast.com\/wordpress\/plugins\/seo\/ -->\n<title>Projektlogistik &#183; provectra<\/title>\n<meta name=\"description\" content=\"Spedition &amp; Logistik: Die ideale L\u00f6sung f\u00fcr Ihr Projekt. Wir planen und begleiten die Transporte f\u00fcr Ihr Gro\u00dfprojekt. Jetzt anfragen.\" \/>\n<meta name=\"robots\" content=\"index, follow, max-snippet:-1, max-image-preview:large, max-video-preview:-1\" \/>\n<link rel=\"canonical\" href=\"https:\/\/www.provectra.de\/en\/projektlogistik\/\" \/>\n<meta property=\"og:locale\" content=\"en_GB\" \/>\n<meta property=\"og:type\" content=\"article\" \/>\n<meta property=\"og:title\" content=\"Projektlogistik &#183; provectra\" \/>\n<meta property=\"og:description\" content=\"Spedition &amp; Logistik: Die ideale L\u00f6sung f\u00fcr Ihr Projekt. Wir planen und begleiten die Transporte f\u00fcr Ihr Gro\u00dfprojekt. Jetzt anfragen.\" \/>\n<meta property=\"og:url\" content=\"https:\/\/www.provectra.de\/en\/projektlogistik\/\" \/>\n<meta property=\"og:site_name\" content=\"provectra\" \/>\n<meta property=\"article:modified_time\" content=\"2021-12-09T16:07:56+00:00\" \/>\n<meta property=\"og:image\" content=\"https:\/\/www.provectra.de\/wp-content\/uploads\/2021\/01\/Projektlogistik-1024x768.jpg\" \/>\n<meta name=\"twitter:card\" content=\"summary_large_image\" \/>\n<meta name=\"twitter:label1\" content=\"Estimated reading time\" \/>\n\t<meta name=\"twitter:data1\" content=\"2 minutes\" \/>\n<script type=\"application\/ld+json\" class=\"yoast-schema-graph\">{\"@context\":\"https:\/\/schema.org\",\"@graph\":[{\"@type\":\"WebPage\",\"@id\":\"https:\/\/www.provectra.de\/projektlogistik\/\",\"url\":\"https:\/\/www.provectra.de\/projektlogistik\/\",\"name\":\"Projektlogistik &#183; provectra\",\"isPartOf\":{\"@id\":\"https:\/\/www.provectra.de\/de\/#website\"},\"primaryImageOfPage\":{\"@id\":\"https:\/\/www.provectra.de\/projektlogistik\/#primaryimage\"},\"image\":{\"@id\":\"https:\/\/www.provectra.de\/projektlogistik\/#primaryimage\"},\"thumbnailUrl\":\"https:\/\/www.provectra.de\/wp-content\/uploads\/2021\/01\/Projektlogistik-1024x768.jpg\",\"datePublished\":\"2020-05-31T08:20:24+00:00\",\"dateModified\":\"2021-12-09T16:07:56+00:00\",\"description\":\"Spedition & Logistik: Die ideale L\u00f6sung f\u00fcr Ihr Projekt. Wir planen und begleiten die Transporte f\u00fcr Ihr Gro\u00dfprojekt. Jetzt anfragen.\",\"breadcrumb\":{\"@id\":\"https:\/\/www.provectra.de\/projektlogistik\/#breadcrumb\"},\"inLanguage\":\"en-GB\",\"potentialAction\":[{\"@type\":\"ReadAction\",\"target\":[\"https:\/\/www.provectra.de\/projektlogistik\/\"]}]},{\"@type\":\"ImageObject\",\"inLanguage\":\"en-GB\",\"@id\":\"https:\/\/www.provectra.de\/projektlogistik\/#primaryimage\",\"url\":\"https:\/\/www.provectra.de\/wp-content\/uploads\/2021\/01\/Projektlogistik-1024x768.jpg\",\"contentUrl\":\"https:\/\/www.provectra.de\/wp-content\/uploads\/2021\/01\/Projektlogistik-1024x768.jpg\"},{\"@type\":\"BreadcrumbList\",\"@id\":\"https:\/\/www.provectra.de\/projektlogistik\/#breadcrumb\",\"itemListElement\":[{\"@type\":\"ListItem\",\"position\":1,\"name\":\"Startseite\",\"item\":\"https:\/\/www.provectra.de\/\"},{\"@type\":\"ListItem\",\"position\":2,\"name\":\"Projektlogistik\"}]},{\"@type\":\"WebSite\",\"@id\":\"https:\/\/www.provectra.de\/de\/#website\",\"url\":\"https:\/\/www.provectra.de\/de\/\",\"name\":\"provectra\",\"description\":\"Consulting Spedition Logistik\",\"publisher\":{\"@id\":\"https:\/\/www.provectra.de\/de\/#organization\"},\"potentialAction\":[{\"@type\":\"SearchAction\",\"target\":{\"@type\":\"EntryPoint\",\"urlTemplate\":\"https:\/\/www.provectra.de\/de\/?s={search_term_string}\"},\"query-input\":\"required name=search_term_string\"}],\"inLanguage\":\"en-GB\"},{\"@type\":\"Organization\",\"@id\":\"https:\/\/www.provectra.de\/de\/#organization\",\"name\":\"Provectra GmbH\",\"url\":\"https:\/\/www.provectra.de\/de\/\",\"logo\":{\"@type\":\"ImageObject\",\"inLanguage\":\"en-GB\",\"@id\":\"https:\/\/www.provectra.de\/de\/#\/schema\/logo\/image\/\",\"url\":\"https:\/\/www.provectra.de\/wp-content\/uploads\/2020\/01\/provectra_favicon1.png\",\"contentUrl\":\"https:\/\/www.provectra.de\/wp-content\/uploads\/2020\/01\/provectra_favicon1.png\",\"width\":512,\"height\":512,\"caption\":\"Provectra GmbH\"},\"image\":{\"@id\":\"https:\/\/www.provectra.de\/de\/#\/schema\/logo\/image\/\"}}]}<\/script>\n<!-- \/ Yoast SEO plugin. -->","yoast_head_json":{"title":"Projektlogistik &#183; provectra","description":"Spedition & Logistik: Die ideale L\u00f6sung f\u00fcr Ihr Projekt. Wir planen und begleiten die Transporte f\u00fcr Ihr Gro\u00dfprojekt. Jetzt anfragen.","robots":{"index":"index","follow":"follow","max-snippet":"max-snippet:-1","max-image-preview":"max-image-preview:large","max-video-preview":"max-video-preview:-1"},"canonical":"https:\/\/www.provectra.de\/en\/projektlogistik\/","og_locale":"en_GB","og_type":"article","og_title":"Projektlogistik &#183; provectra","og_description":"Spedition & Logistik: Die ideale L\u00f6sung f\u00fcr Ihr Projekt. Wir planen und begleiten die Transporte f\u00fcr Ihr Gro\u00dfprojekt. Jetzt anfragen.","og_url":"https:\/\/www.provectra.de\/en\/projektlogistik\/","og_site_name":"provectra","article_modified_time":"2021-12-09T16:07:56+00:00","og_image":[{"url":"https:\/\/www.provectra.de\/wp-content\/uploads\/2021\/01\/Projektlogistik-1024x768.jpg"}],"twitter_card":"summary_large_image","twitter_misc":{"Estimated reading time":"2 minutes"},"schema":{"@context":"https:\/\/schema.org","@graph":[{"@type":"WebPage","@id":"https:\/\/www.provectra.de\/projektlogistik\/","url":"https:\/\/www.provectra.de\/projektlogistik\/","name":"Projektlogistik &#183; provectra","isPartOf":{"@id":"https:\/\/www.provectra.de\/de\/#website"},"primaryImageOfPage":{"@id":"https:\/\/www.provectra.de\/projektlogistik\/#primaryimage"},"image":{"@id":"https:\/\/www.provectra.de\/projektlogistik\/#primaryimage"},"thumbnailUrl":"https:\/\/www.provectra.de\/wp-content\/uploads\/2021\/01\/Projektlogistik-1024x768.jpg","datePublished":"2020-05-31T08:20:24+00:00","dateModified":"2021-12-09T16:07:56+00:00","description":"Spedition & Logistik: Die ideale L\u00f6sung f\u00fcr Ihr Projekt. Wir planen und begleiten die Transporte f\u00fcr Ihr Gro\u00dfprojekt. Jetzt anfragen.","breadcrumb":{"@id":"https:\/\/www.provectra.de\/projektlogistik\/#breadcrumb"},"inLanguage":"en-GB","potentialAction":[{"@type":"ReadAction","target":["https:\/\/www.provectra.de\/projektlogistik\/"]}]},{"@type":"ImageObject","inLanguage":"en-GB","@id":"https:\/\/www.provectra.de\/projektlogistik\/#primaryimage","url":"https:\/\/www.provectra.de\/wp-content\/uploads\/2021\/01\/Projektlogistik-1024x768.jpg","contentUrl":"https:\/\/www.provectra.de\/wp-content\/uploads\/2021\/01\/Projektlogistik-1024x768.jpg"},{"@type":"BreadcrumbList","@id":"https:\/\/www.provectra.de\/projektlogistik\/#breadcrumb","itemListElement":[{"@type":"ListItem","position":1,"name":"Startseite","item":"https:\/\/www.provectra.de\/"},{"@type":"ListItem","position":2,"name":"Projektlogistik"}]},{"@type":"WebSite","@id":"https:\/\/www.provectra.de\/de\/#website","url":"https:\/\/www.provectra.de\/de\/","name":"provectra","description":"Consulting Spedition Logistik","publisher":{"@id":"https:\/\/www.provectra.de\/de\/#organization"},"potentialAction":[{"@type":"SearchAction","target":{"@type":"EntryPoint","urlTemplate":"https:\/\/www.provectra.de\/de\/?s={search_term_string}"},"query-input":"required name=search_term_string"}],"inLanguage":"en-GB"},{"@type":"Organization","@id":"https:\/\/www.provectra.de\/de\/#organization","name":"Provectra GmbH","url":"https:\/\/www.provectra.de\/de\/","logo":{"@type":"ImageObject","inLanguage":"en-GB","@id":"https:\/\/www.provectra.de\/de\/#\/schema\/logo\/image\/","url":"https:\/\/www.provectra.de\/wp-content\/uploads\/2020\/01\/provectra_favicon1.png","contentUrl":"https:\/\/www.provectra.de\/wp-content\/uploads\/2020\/01\/provectra_favicon1.png","width":512,"height":512,"caption":"Provectra GmbH"},"image":{"@id":"https:\/\/www.provectra.de\/de\/#\/schema\/logo\/image\/"}}]}},"jetpack_sharing_enabled":true,"_links":{"self":[{"href":"https:\/\/www.provectra.de\/en\/wp-json\/wp\/v2\/pages\/1516"}],"collection":[{"href":"https:\/\/www.provectra.de\/en\/wp-json\/wp\/v2\/pages"}],"about":[{"href":"https:\/\/www.provectra.de\/en\/wp-json\/wp\/v2\/types\/page"}],"author":[{"embeddable":true,"href":"https:\/\/www.provectra.de\/en\/wp-json\/wp\/v2\/users\/2"}],"replies":[{"embeddable":true,"href":"https:\/\/www.provectra.de\/en\/wp-json\/wp\/v2\/comments?post=1516"}],"version-history":[{"count":81,"href":"https:\/\/www.provectra.de\/en\/wp-json\/wp\/v2\/pages\/1516\/revisions"}],"predecessor-version":[{"id":7271,"href":"https:\/\/www.provectra.de\/en\/wp-json\/wp\/v2\/pages\/1516\/revisions\/7271"}],"wp:attachment":[{"href":"https:\/\/www.provectra.de\/en\/wp-json\/wp\/v2\/media?parent=1516"}],"curies":[{"name":"wp","href":"https:\/\/api.w.org\/{rel}","templated":true}]}}