{"id":7340,"date":"2021-12-21T09:49:33","date_gmt":"2021-12-21T09:49:33","guid":{"rendered":"https:\/\/www.provectra.de\/?page_id=7340"},"modified":"2021-12-21T11:38:13","modified_gmt":"2021-12-21T11:38:13","slug":"blog-weihnachten-in-der-transport-und-logistikbranche","status":"publish","type":"page","link":"https:\/\/www.provectra.de\/en\/blog-weihnachten-in-der-transport-und-logistikbranche\/","title":{"rendered":"Weihnachten in der Transport- und Logistikbranche"},"content":{"rendered":"<div data-elementor-type=\"wp-page\" data-elementor-id=\"7340\" class=\"elementor elementor-7340\">\n\t\t\t\t\t\t<section class=\"elementor-section elementor-top-section elementor-element elementor-element-8873e67 elementor-section-boxed elementor-section-height-default elementor-section-height-default\" data-id=\"8873e67\" data-element_type=\"section\">\n\t\t\t\t\t\t<div class=\"elementor-container elementor-column-gap-default\">\n\t\t\t\t\t<div class=\"elementor-column elementor-col-100 elementor-top-column elementor-element elementor-element-5077bf5\" data-id=\"5077bf5\" data-element_type=\"column\">\n\t\t\t<div class=\"elementor-widget-wrap elementor-element-populated\">\n\t\t\t\t\t\t<div class=\"elementor-element elementor-element-f9b97b7 elementor-widget elementor-widget-spacer\" data-id=\"f9b97b7\" data-element_type=\"widget\" data-widget_type=\"spacer.default\">\n\t\t\t\t<div class=\"elementor-widget-container\">\n\t\t\t\t\t\t\t<div class=\"elementor-spacer\">\n\t\t\t<div class=\"elementor-spacer-inner\"><\/div>\n\t\t<\/div>\n\t\t\t\t\t\t<\/div>\n\t\t\t\t<\/div>\n\t\t\t\t<div class=\"elementor-element elementor-element-af18165 elementor-widget elementor-widget-heading\" data-id=\"af18165\" data-element_type=\"widget\" data-widget_type=\"heading.default\">\n\t\t\t\t<div class=\"elementor-widget-container\">\n\t\t\t\t\t<h1 class=\"elementor-heading-title elementor-size-default\">Weihnachten in der Transport- und Logistikbranche<\/h1>\t\t\t\t<\/div>\n\t\t\t\t<\/div>\n\t\t\t\t<div class=\"elementor-element elementor-element-85b2feb elementor-widget elementor-widget-heading\" data-id=\"85b2feb\" data-element_type=\"widget\" data-widget_type=\"heading.default\">\n\t\t\t\t<div class=\"elementor-widget-container\">\n\t\t\t\t\t<h2 class=\"elementor-heading-title elementor-size-default\">Lebkuchen, Lichterketten, Rentierfiguren: Das wird \u00fcber Weihnachten am meisten verkauft<\/h2>\t\t\t\t<\/div>\n\t\t\t\t<\/div>\n\t\t\t\t\t<\/div>\n\t\t<\/div>\n\t\t\t\t\t<\/div>\n\t\t<\/section>\n\t\t\t\t<section class=\"elementor-section elementor-top-section elementor-element elementor-element-1fe660e elementor-section-boxed elementor-section-height-default elementor-section-height-default\" data-id=\"1fe660e\" data-element_type=\"section\">\n\t\t\t\t\t\t<div class=\"elementor-container elementor-column-gap-default\">\n\t\t\t\t\t<div class=\"elementor-column elementor-col-100 elementor-top-column elementor-element elementor-element-5e367ea9\" data-id=\"5e367ea9\" data-element_type=\"column\">\n\t\t\t<div class=\"elementor-widget-wrap elementor-element-populated\">\n\t\t\t\t\t\t<div class=\"elementor-element elementor-element-47ccbf7 elementor-widget elementor-widget-text-editor\" data-id=\"47ccbf7\" data-element_type=\"widget\" data-widget_type=\"text-editor.default\">\n\t\t\t\t<div class=\"elementor-widget-container\">\n\t\t\t\t\t\t\t\t\t<p><strong>Lesezeit: ca. 4 Minuten<\/strong><\/p>\t\t\t\t\t\t\t\t<\/div>\n\t\t\t\t<\/div>\n\t\t\t\t<div class=\"elementor-element elementor-element-53727078 elementor-widget elementor-widget-text-editor\" data-id=\"53727078\" data-element_type=\"widget\" data-widget_type=\"text-editor.default\">\n\t\t\t\t<div class=\"elementor-widget-container\">\n\t\t\t\t\t\t\t\t\t<p><\/p>\n<p><strong>Weihnachten steht vor der T\u00fcr: Die Logistik daf\u00fcr ist bereits in gro\u00dfen Teilen abgeschlossen. Letzte Geschenke trudeln bei ihren Bestellern ein, der Weihnachtsbaum liegt bereit zum Aufstellen am Balkon \u2013 wie l\u00e4uft der Markt rund um Weihnachten und Neujahr und wie wirkt sich das Saisongesch\u00e4ft auf die Logistik aus?<\/strong><\/p>\n<p><\/p>\n<p><\/p>\n<p>Google hat anhand der Suchmaschinen-Anfragen in den USA die meistgesuchten Weihnachtsgeschenke 2021 ermittelt. Neben den klassischen Spielekonsolen wie Nintendo Switch und der PS5 liegt das iPhone 13 hoch im Kurs. Auch Fitnessuhren wurden viel gesucht. Aber auch D\u00fcfte und Fitnessger\u00e4te, Matten und Trainingstools sind wieder gefragt. Es zeigt sich: So unvorhersehbar ist das Kaufverhalten der meisten Menschen an Weihnachten dann doch nicht.<\/p>\n<p><\/p>\n<p><\/p>\n<h2><strong>Food-Artikel hoch im Kurs<\/strong><\/h2>\n<p><\/p>\n<p><\/p>\n<p>Das klassische Weihnachtsgesch\u00e4ft besteht aber nicht nur aus Geschenken und Deko-Material. Besonders Food-Artikel sind in der Zeit um Weihnachten und Neujahr hoch im Kurs. Immer neue Kreationen lassen sich die bekannten Hersteller einfallen, um mit ihren Pralinen, Schoko-Nikol\u00e4use und Co. aus der Masse herauszustechen. 160 Millionen Nikol\u00e4use wanderten allein 2021 \u00fcber den Ladentisch, 159 Millionen Euro Umsatz. Insgesamt rechnet die S\u00fc\u00dfwarenindustrie in der Zeit um Weihnachten mit knapp 83 Millionen Euro Umsatz.<\/p>\n<p><\/p>\n<p><\/p>\n<p>Wie die Zahlen im Weihnachtsgesch\u00e4ft der Hersteller genau aussehen, l\u00e4sst sich auch aus den j\u00e4hrlichen Gesch\u00e4ftsberichten kaum rauslesen. Fakt ist: das Saisongesch\u00e4ft rund um Weihnachten ist eine der abverkaufsst\u00e4rksten Zeiten im Lebensmittel-Einzelhandel und wird von zahlreichen gro\u00dfen Marketing-Kampagnen begleitet. Mit Vorl\u00e4ufen bis in den Juli und August hinein sind Logistik und Transport richtige Fr\u00fchstarter. Auch die Verk\u00e4ufe starten jedes Jahr etwas fr\u00fcher, sodass Weihnachten sich inzwischen auf knapp sechs Monate erstreckt (Quelle: Business Insider).<\/p>\n<p><\/p>\n<p><\/p>\n<p>\u00a0<\/p>\n<p><\/p>\t\t\t\t\t\t\t\t<\/div>\n\t\t\t\t<\/div>\n\t\t\t\t<div class=\"elementor-element elementor-element-3beb58f elementor-widget elementor-widget-image\" data-id=\"3beb58f\" data-element_type=\"widget\" data-widget_type=\"image.default\">\n\t\t\t\t<div class=\"elementor-widget-container\">\n\t\t\t\t\t\t\t\t\t\t\t\t\t\t\t<img decoding=\"async\" data-src=\"https:\/\/www.provectra.de\/wp-content\/uploads\/elementor\/thumbs\/700x-Weihnachten-Blog-scaled-phu49gla5rgt8j53etdz5fqoil1l2t1z10htrdx408.jpg\" title=\"Weihnachten in der Transport- und Logistikbranche\" alt=\"Weihnachten und Logistik\" src=\"data:image\/svg+xml;base64,PHN2ZyB3aWR0aD0iMSIgaGVpZ2h0PSIxIiB4bWxucz0iaHR0cDovL3d3dy53My5vcmcvMjAwMC9zdmciPjwvc3ZnPg==\" class=\"lazyload\" style=\"--smush-placeholder-width: 800px; --smush-placeholder-aspect-ratio: 800\/500;\" \/>\t\t\t\t\t\t\t\t\t\t\t\t\t\t\t<\/div>\n\t\t\t\t<\/div>\n\t\t\t\t<div class=\"elementor-element elementor-element-3ea978d elementor-widget elementor-widget-text-editor\" data-id=\"3ea978d\" data-element_type=\"widget\" data-widget_type=\"text-editor.default\">\n\t\t\t\t<div class=\"elementor-widget-container\">\n\t\t\t\t\t\t\t\t\t<p><\/p>\n<p><\/p>\n<p><\/p>\n<p><\/p>\n<h2><strong>Weihnachtsb\u00e4ume<\/strong><\/h2>\n<p><\/p>\n<p><\/p>\n<p>Auch der Transport von Weihnachtsb\u00e4umen startet &nbsp;bereits fr\u00fcher, als viele denken. Vor allem aus D\u00e4nemark kommen die Ladungen bereits im November nach Deutschland. Meist kommen die B\u00e4ume dann direkt zu den Verkaufsstellen oder zum Bestimmungsort \u2013 15 Meter hohe Tannen mit 2,5 Tonnen Gewicht bestellt u. a. das Kanzleramt in Berlin. Spezielle Gro\u00dfraumpaletten mit 80-120 B\u00e4umen pro Palette sind keine Seltenheit. Knapp 30 Millionen Weihnachtsb\u00e4ume m\u00fcssen jedes Jahr transportiert werden.<\/p>\n<p><\/p>\n<p><\/p>\n<p>Auch in Deutschland gibt es viele Plantagen, die bereits im November ernten. Fr\u00fch geerntete Weihnachtsb\u00e4ume dienen dabei meist der \u00f6ffentlichen und gewerblichen Dekoration, sp\u00e4t geerntete B\u00e4ume sind f\u00fcr den Privatverkauf ab Mitte Dezember vorgesehen. Die in Deutschland vorhandenen Baumschulen, die Weihnachtsb\u00e4ume z\u00fcchten, haben sich von 483 in 2008 auf 203 im Jahr 2017 mehr als halbiert (Quelle: Wirtschaftswoche). Die Zahlen t\u00e4uschen: es gibt zwar immer weniger, aber mehr gro\u00dfe und spezialisiertere Baumschulen. Die meisten davon sitzen in Nordrhein-Westfalen und Niedersachsen.<\/p>\n<p><\/p>\n<p><\/p>\n<h2><strong>Silvester: Zeit f\u00fcr Snacks und Alkohol<\/strong><\/h2>\n<p><\/p>\n<p><\/p>\n<p>Klingt \u00fcberspitzt, ist aber so: Rund um das neue Jahr h\u00e4ufen sich die Angebote f\u00fcr Getr\u00e4nke und Knabbereien. Da in diesem wie im letzten Jahr ein Verkaufsverbot f\u00fcr Feuerwerksk\u00f6rper gilt, ist der Markt f\u00fcr Neujahrsware neben Partyartikeln besonders auf diese beiden Produktgruppen begrenzt. Selten reichen die \u00f6rtlichen Kapazit\u00e4ten der Einkaufsm\u00e4rkte aus, um das Produktvolumen schnell abzufertigen: Lange Standzeiten an den Entladestellen sind hier fast die Regel.<\/p><p><br><\/p><h2>Quellen:<\/h2>\n<p><\/p>\n<p><\/p>\n<figure class=\"wp-block-embed\">\n<div class=\"wp-block-embed__wrapper\"><ul><li>https:\/\/www.tannenversand.com\/pages\/grosshandel<\/li><li>https:\/\/www.handelsdaten.de\/deutschsprachiger-einzelhandel\/zahl-der-verkauften-weihnachtsbaeume-deutschland-zeitreihe<\/li><li>https:\/\/www.businessinsider.de\/wirtschaft\/verbraucher-geben-mehr-geld-fuer-schoko-nikolaeuse-und-adventskalender-aus-2016-12\/<\/li><\/ul><\/div>\n<\/figure>\n<p><\/p>\n<p><\/p>\n\n<p><\/p>\n<p><\/p>\n\n<p><\/p>\t\t\t\t\t\t\t\t<\/div>\n\t\t\t\t<\/div>\n\t\t\t\t\t<\/div>\n\t\t<\/div>\n\t\t\t\t\t<\/div>\n\t\t<\/section>\n\t\t\t\t<\/div>","protected":false},"excerpt":{"rendered":"<p>Weihnachten in der Transport- und Logistikbranche Lebkuchen, Lichterketten, Rentierfiguren: Das wird \u00fcber Weihnachten am meisten verkauft Lesezeit: ca. 4 Minuten Weihnachten steht vor der T\u00fcr: Die Logistik daf\u00fcr ist bereits in gro\u00dfen Teilen abgeschlossen. Letzte Geschenke trudeln bei ihren Bestellern ein, der Weihnachtsbaum liegt bereit zum Aufstellen am Balkon \u2013 wie l\u00e4uft der Markt rund [&hellip;]<\/p>","protected":false},"author":2,"featured_media":7338,"parent":0,"menu_order":0,"comment_status":"closed","ping_status":"closed","template":"templates\/landing.php","meta":{"ocean_post_layout":"both-sidebars","ocean_both_sidebars_style":"","ocean_both_sidebars_content_width":50,"ocean_both_sidebars_sidebars_width":0,"ocean_sidebar":"0","ocean_second_sidebar":"0","ocean_disable_margins":"enable","ocean_add_body_class":"","ocean_shortcode_before_top_bar":"","ocean_shortcode_after_top_bar":"","ocean_shortcode_before_header":"","ocean_shortcode_after_header":"","ocean_has_shortcode":"","ocean_shortcode_after_title":"","ocean_shortcode_before_footer_widgets":"","ocean_shortcode_after_footer_widgets":"","ocean_shortcode_before_footer_bottom":"","ocean_shortcode_after_footer_bottom":"","ocean_display_top_bar":"default","ocean_display_header":"default","ocean_header_style":"","ocean_center_header_left_menu":"0","ocean_custom_header_template":"0","ocean_custom_logo":0,"ocean_custom_retina_logo":0,"ocean_custom_logo_max_width":0,"ocean_custom_logo_tablet_max_width":0,"ocean_custom_logo_mobile_max_width":0,"ocean_custom_logo_max_height":0,"ocean_custom_logo_tablet_max_height":0,"ocean_custom_logo_mobile_max_height":0,"ocean_header_custom_menu":"0","ocean_menu_typo_font_family":"0","ocean_menu_typo_font_subset":"","ocean_menu_typo_font_size":0,"ocean_menu_typo_font_size_tablet":0,"ocean_menu_typo_font_size_mobile":0,"ocean_menu_typo_font_size_unit":"px","ocean_menu_typo_font_weight":"","ocean_menu_typo_font_weight_tablet":"","ocean_menu_typo_font_weight_mobile":"","ocean_menu_typo_transform":"","ocean_menu_typo_transform_tablet":"","ocean_menu_typo_transform_mobile":"","ocean_menu_typo_line_height":0,"ocean_menu_typo_line_height_tablet":0,"ocean_menu_typo_line_height_mobile":0,"ocean_menu_typo_line_height_unit":"","ocean_menu_typo_spacing":0,"ocean_menu_typo_spacing_tablet":0,"ocean_menu_typo_spacing_mobile":0,"ocean_menu_typo_spacing_unit":"","ocean_menu_link_color":"","ocean_menu_link_color_hover":"","ocean_menu_link_color_active":"","ocean_menu_link_background":"","ocean_menu_link_hover_background":"","ocean_menu_link_active_background":"","ocean_menu_social_links_bg":"","ocean_menu_social_hover_links_bg":"","ocean_menu_social_links_color":"","ocean_menu_social_hover_links_color":"","ocean_disable_title":"default","ocean_disable_heading":"default","ocean_post_title":"Weihnachten in der Transport- und Logistikbranche","ocean_post_subheading":"Lebkuchen, Lichterketten, Rentierfiguren: Das wird \u00fcber Weihnachten am meisten verkauft","ocean_post_title_style":"","ocean_post_title_background_color":"","ocean_post_title_background":0,"ocean_post_title_bg_image_position":"","ocean_post_title_bg_image_attachment":"","ocean_post_title_bg_image_repeat":"","ocean_post_title_bg_image_size":"","ocean_post_title_height":0,"ocean_post_title_bg_overlay":0.5,"ocean_post_title_bg_overlay_color":"","ocean_disable_breadcrumbs":"default","ocean_breadcrumbs_color":"","ocean_breadcrumbs_separator_color":"","ocean_breadcrumbs_links_color":"","ocean_breadcrumbs_links_hover_color":"","ocean_display_footer_widgets":"default","ocean_display_footer_bottom":"default","ocean_custom_footer_template":"0","footnotes":""},"yoast_head":"<!-- This site is optimized with the Yoast SEO plugin v22.8 - https:\/\/yoast.com\/wordpress\/plugins\/seo\/ -->\n<title>Weihnachten in der Transport- und Logistikbranche<\/title>\n<meta name=\"description\" content=\"Weihnachten steht vor der T\u00fcr. Wie wirkt sich das Saisongesch\u00e4ft auf die Transport- und Logistikbranche aus? Mehr dazu in unserem Blog.\" \/>\n<meta name=\"robots\" content=\"index, follow, max-snippet:-1, max-image-preview:large, max-video-preview:-1\" \/>\n<link rel=\"canonical\" href=\"https:\/\/www.provectra.de\/en\/blog-weihnachten-in-der-transport-und-logistikbranche\/\" \/>\n<meta property=\"og:locale\" content=\"en_GB\" \/>\n<meta property=\"og:type\" content=\"article\" \/>\n<meta property=\"og:title\" content=\"Weihnachten in der Transport- und Logistikbranche\" \/>\n<meta property=\"og:description\" content=\"Weihnachten steht vor der T\u00fcr. Wie wirkt sich das Saisongesch\u00e4ft auf die Transport- und Logistikbranche aus? Mehr dazu in unserem Blog.\" \/>\n<meta property=\"og:url\" content=\"https:\/\/www.provectra.de\/en\/blog-weihnachten-in-der-transport-und-logistikbranche\/\" \/>\n<meta property=\"og:site_name\" content=\"provectra\" \/>\n<meta property=\"article:modified_time\" content=\"2021-12-21T11:38:13+00:00\" \/>\n<meta property=\"og:image\" content=\"https:\/\/www.provectra.de\/wp-content\/uploads\/2021\/12\/1080x1080-Instagram-scaled.jpg\" \/>\n\t<meta property=\"og:image:width\" content=\"2560\" \/>\n\t<meta property=\"og:image:height\" content=\"2560\" \/>\n\t<meta property=\"og:image:type\" content=\"image\/jpeg\" \/>\n<meta name=\"twitter:card\" content=\"summary_large_image\" \/>\n<meta name=\"twitter:label1\" content=\"Estimated reading time\" \/>\n\t<meta name=\"twitter:data1\" content=\"4 minutes\" \/>\n<script type=\"application\/ld+json\" class=\"yoast-schema-graph\">{\"@context\":\"https:\/\/schema.org\",\"@graph\":[{\"@type\":\"WebPage\",\"@id\":\"https:\/\/www.provectra.de\/de\/blog-weihnachten-in-der-transport-und-logistikbranche\/\",\"url\":\"https:\/\/www.provectra.de\/de\/blog-weihnachten-in-der-transport-und-logistikbranche\/\",\"name\":\"Weihnachten in der Transport- und Logistikbranche\",\"isPartOf\":{\"@id\":\"https:\/\/www.provectra.de\/de\/#website\"},\"primaryImageOfPage\":{\"@id\":\"https:\/\/www.provectra.de\/de\/blog-weihnachten-in-der-transport-und-logistikbranche\/#primaryimage\"},\"image\":{\"@id\":\"https:\/\/www.provectra.de\/de\/blog-weihnachten-in-der-transport-und-logistikbranche\/#primaryimage\"},\"thumbnailUrl\":\"https:\/\/www.provectra.de\/wp-content\/uploads\/2021\/12\/1080x1080-Instagram-scaled.jpg\",\"datePublished\":\"2021-12-21T09:49:33+00:00\",\"dateModified\":\"2021-12-21T11:38:13+00:00\",\"description\":\"Weihnachten steht vor der T\u00fcr. Wie wirkt sich das Saisongesch\u00e4ft auf die Transport- und Logistikbranche aus? Mehr dazu in unserem Blog.\",\"breadcrumb\":{\"@id\":\"https:\/\/www.provectra.de\/de\/blog-weihnachten-in-der-transport-und-logistikbranche\/#breadcrumb\"},\"inLanguage\":\"en-GB\",\"potentialAction\":[{\"@type\":\"ReadAction\",\"target\":[\"https:\/\/www.provectra.de\/de\/blog-weihnachten-in-der-transport-und-logistikbranche\/\"]}]},{\"@type\":\"ImageObject\",\"inLanguage\":\"en-GB\",\"@id\":\"https:\/\/www.provectra.de\/de\/blog-weihnachten-in-der-transport-und-logistikbranche\/#primaryimage\",\"url\":\"https:\/\/www.provectra.de\/wp-content\/uploads\/2021\/12\/1080x1080-Instagram-scaled.jpg\",\"contentUrl\":\"https:\/\/www.provectra.de\/wp-content\/uploads\/2021\/12\/1080x1080-Instagram-scaled.jpg\",\"width\":2560,\"height\":2560,\"caption\":\"Blogbeitrag Weihnachten - Logistik im Saisongesch\u00e4ft\"},{\"@type\":\"BreadcrumbList\",\"@id\":\"https:\/\/www.provectra.de\/de\/blog-weihnachten-in-der-transport-und-logistikbranche\/#breadcrumb\",\"itemListElement\":[{\"@type\":\"ListItem\",\"position\":1,\"name\":\"Startseite\",\"item\":\"https:\/\/www.provectra.de\/\"},{\"@type\":\"ListItem\",\"position\":2,\"name\":\"Weihnachten in der Transport- und Logistikbranche\"}]},{\"@type\":\"WebSite\",\"@id\":\"https:\/\/www.provectra.de\/de\/#website\",\"url\":\"https:\/\/www.provectra.de\/de\/\",\"name\":\"provectra\",\"description\":\"Consulting Spedition Logistik\",\"publisher\":{\"@id\":\"https:\/\/www.provectra.de\/de\/#organization\"},\"potentialAction\":[{\"@type\":\"SearchAction\",\"target\":{\"@type\":\"EntryPoint\",\"urlTemplate\":\"https:\/\/www.provectra.de\/de\/?s={search_term_string}\"},\"query-input\":\"required name=search_term_string\"}],\"inLanguage\":\"en-GB\"},{\"@type\":\"Organization\",\"@id\":\"https:\/\/www.provectra.de\/de\/#organization\",\"name\":\"Provectra GmbH\",\"url\":\"https:\/\/www.provectra.de\/de\/\",\"logo\":{\"@type\":\"ImageObject\",\"inLanguage\":\"en-GB\",\"@id\":\"https:\/\/www.provectra.de\/de\/#\/schema\/logo\/image\/\",\"url\":\"https:\/\/www.provectra.de\/wp-content\/uploads\/2020\/01\/provectra_favicon1.png\",\"contentUrl\":\"https:\/\/www.provectra.de\/wp-content\/uploads\/2020\/01\/provectra_favicon1.png\",\"width\":512,\"height\":512,\"caption\":\"Provectra GmbH\"},\"image\":{\"@id\":\"https:\/\/www.provectra.de\/de\/#\/schema\/logo\/image\/\"}}]}<\/script>\n<!-- \/ Yoast SEO plugin. -->","yoast_head_json":{"title":"Weihnachten in der Transport- und Logistikbranche","description":"Weihnachten steht vor der T\u00fcr. Wie wirkt sich das Saisongesch\u00e4ft auf die Transport- und Logistikbranche aus? Mehr dazu in unserem Blog.","robots":{"index":"index","follow":"follow","max-snippet":"max-snippet:-1","max-image-preview":"max-image-preview:large","max-video-preview":"max-video-preview:-1"},"canonical":"https:\/\/www.provectra.de\/en\/blog-weihnachten-in-der-transport-und-logistikbranche\/","og_locale":"en_GB","og_type":"article","og_title":"Weihnachten in der Transport- und Logistikbranche","og_description":"Weihnachten steht vor der T\u00fcr. Wie wirkt sich das Saisongesch\u00e4ft auf die Transport- und Logistikbranche aus? Mehr dazu in unserem Blog.","og_url":"https:\/\/www.provectra.de\/en\/blog-weihnachten-in-der-transport-und-logistikbranche\/","og_site_name":"provectra","article_modified_time":"2021-12-21T11:38:13+00:00","og_image":[{"width":2560,"height":2560,"url":"https:\/\/www.provectra.de\/wp-content\/uploads\/2021\/12\/1080x1080-Instagram-scaled.jpg","type":"image\/jpeg"}],"twitter_card":"summary_large_image","twitter_misc":{"Estimated reading time":"4 minutes"},"schema":{"@context":"https:\/\/schema.org","@graph":[{"@type":"WebPage","@id":"https:\/\/www.provectra.de\/de\/blog-weihnachten-in-der-transport-und-logistikbranche\/","url":"https:\/\/www.provectra.de\/de\/blog-weihnachten-in-der-transport-und-logistikbranche\/","name":"Weihnachten in der Transport- und Logistikbranche","isPartOf":{"@id":"https:\/\/www.provectra.de\/de\/#website"},"primaryImageOfPage":{"@id":"https:\/\/www.provectra.de\/de\/blog-weihnachten-in-der-transport-und-logistikbranche\/#primaryimage"},"image":{"@id":"https:\/\/www.provectra.de\/de\/blog-weihnachten-in-der-transport-und-logistikbranche\/#primaryimage"},"thumbnailUrl":"https:\/\/www.provectra.de\/wp-content\/uploads\/2021\/12\/1080x1080-Instagram-scaled.jpg","datePublished":"2021-12-21T09:49:33+00:00","dateModified":"2021-12-21T11:38:13+00:00","description":"Weihnachten steht vor der T\u00fcr. Wie wirkt sich das Saisongesch\u00e4ft auf die Transport- und Logistikbranche aus? Mehr dazu in unserem Blog.","breadcrumb":{"@id":"https:\/\/www.provectra.de\/de\/blog-weihnachten-in-der-transport-und-logistikbranche\/#breadcrumb"},"inLanguage":"en-GB","potentialAction":[{"@type":"ReadAction","target":["https:\/\/www.provectra.de\/de\/blog-weihnachten-in-der-transport-und-logistikbranche\/"]}]},{"@type":"ImageObject","inLanguage":"en-GB","@id":"https:\/\/www.provectra.de\/de\/blog-weihnachten-in-der-transport-und-logistikbranche\/#primaryimage","url":"https:\/\/www.provectra.de\/wp-content\/uploads\/2021\/12\/1080x1080-Instagram-scaled.jpg","contentUrl":"https:\/\/www.provectra.de\/wp-content\/uploads\/2021\/12\/1080x1080-Instagram-scaled.jpg","width":2560,"height":2560,"caption":"Blogbeitrag Weihnachten - Logistik im Saisongesch\u00e4ft"},{"@type":"BreadcrumbList","@id":"https:\/\/www.provectra.de\/de\/blog-weihnachten-in-der-transport-und-logistikbranche\/#breadcrumb","itemListElement":[{"@type":"ListItem","position":1,"name":"Startseite","item":"https:\/\/www.provectra.de\/"},{"@type":"ListItem","position":2,"name":"Weihnachten in der Transport- und Logistikbranche"}]},{"@type":"WebSite","@id":"https:\/\/www.provectra.de\/de\/#website","url":"https:\/\/www.provectra.de\/de\/","name":"provectra","description":"Consulting Spedition Logistik","publisher":{"@id":"https:\/\/www.provectra.de\/de\/#organization"},"potentialAction":[{"@type":"SearchAction","target":{"@type":"EntryPoint","urlTemplate":"https:\/\/www.provectra.de\/de\/?s={search_term_string}"},"query-input":"required name=search_term_string"}],"inLanguage":"en-GB"},{"@type":"Organization","@id":"https:\/\/www.provectra.de\/de\/#organization","name":"Provectra GmbH","url":"https:\/\/www.provectra.de\/de\/","logo":{"@type":"ImageObject","inLanguage":"en-GB","@id":"https:\/\/www.provectra.de\/de\/#\/schema\/logo\/image\/","url":"https:\/\/www.provectra.de\/wp-content\/uploads\/2020\/01\/provectra_favicon1.png","contentUrl":"https:\/\/www.provectra.de\/wp-content\/uploads\/2020\/01\/provectra_favicon1.png","width":512,"height":512,"caption":"Provectra GmbH"},"image":{"@id":"https:\/\/www.provectra.de\/de\/#\/schema\/logo\/image\/"}}]}},"jetpack_sharing_enabled":true,"_links":{"self":[{"href":"https:\/\/www.provectra.de\/en\/wp-json\/wp\/v2\/pages\/7340"}],"collection":[{"href":"https:\/\/www.provectra.de\/en\/wp-json\/wp\/v2\/pages"}],"about":[{"href":"https:\/\/www.provectra.de\/en\/wp-json\/wp\/v2\/types\/page"}],"author":[{"embeddable":true,"href":"https:\/\/www.provectra.de\/en\/wp-json\/wp\/v2\/users\/2"}],"replies":[{"embeddable":true,"href":"https:\/\/www.provectra.de\/en\/wp-json\/wp\/v2\/comments?post=7340"}],"version-history":[{"count":77,"href":"https:\/\/www.provectra.de\/en\/wp-json\/wp\/v2\/pages\/7340\/revisions"}],"predecessor-version":[{"id":7445,"href":"https:\/\/www.provectra.de\/en\/wp-json\/wp\/v2\/pages\/7340\/revisions\/7445"}],"wp:featuredmedia":[{"embeddable":true,"href":"https:\/\/www.provectra.de\/en\/wp-json\/wp\/v2\/media\/7338"}],"wp:attachment":[{"href":"https:\/\/www.provectra.de\/en\/wp-json\/wp\/v2\/media?parent=7340"}],"curies":[{"name":"wp","href":"https:\/\/api.w.org\/{rel}","templated":true}]}}